{"id":625,"date":"2025-04-14T20:06:58","date_gmt":"2025-04-14T20:06:58","guid":{"rendered":"https:\/\/traductoracompulsiva.es\/?page_id=625"},"modified":"2025-12-24T16:17:30","modified_gmt":"2025-12-24T16:17:30","slug":"aviso-legal-2","status":"publish","type":"page","link":"http:\/\/traductoracompulsiva.es\/en\/aviso-legal-2\/","title":{"rendered":"Legal Notice"},"content":{"rendered":"","protected":false},"excerpt":{"rendered":"","protected":false},"author":1,"featured_media":0,"parent":0,"menu_order":0,"comment_status":"closed","ping_status":"closed","template":"","meta":{"footnotes":""},"class_list":["post-625","page","type-page","status-publish","hentry"],"yoast_head":"<!-- This site is optimized with the Yoast SEO plugin v26.8 - https:\/\/yoast.com\/product\/yoast-seo-wordpress\/ -->\n<title>Aviso Legal - TRADUCTORA COMPULSIVA<\/title>\n<meta name=\"description\" content=\"Traductora Compulsiva: Servicios de traducci\u00f3n profesional de ingl\u00e9s y franc\u00e9s a espa\u00f1ol. Especialista en correcci\u00f3n de textos, transcreaci\u00f3n, y transcripci\u00f3n. Convierte tus palabras en mensajes claros y efectivos.\" \/>\n<meta name=\"robots\" content=\"noindex, follow\" \/>\n<meta property=\"og:locale\" content=\"en_US\" \/>\n<meta property=\"og:type\" content=\"article\" \/>\n<meta property=\"og:title\" content=\"Aviso Legal - TRADUCTORA COMPULSIVA\" \/>\n<meta property=\"og:description\" content=\"Traductora Compulsiva: Servicios de traducci\u00f3n profesional de ingl\u00e9s y franc\u00e9s a espa\u00f1ol. Especialista en correcci\u00f3n de textos, transcreaci\u00f3n, y transcripci\u00f3n. Convierte tus palabras en mensajes claros y efectivos.\" \/>\n<meta property=\"og:url\" content=\"https:\/\/traductoracompulsiva.es\/en\/aviso-legal-2\/\" \/>\n<meta property=\"og:site_name\" content=\"TRADUCTORA COMPULSIVA\" \/>\n<meta property=\"article:modified_time\" content=\"2025-12-24T16:17:30+00:00\" \/>\n<meta name=\"twitter:card\" content=\"summary_large_image\" \/>\n<script type=\"application\/ld+json\" class=\"yoast-schema-graph\">{\"@context\":\"https:\/\/schema.org\",\"@graph\":[{\"@type\":\"WebPage\",\"@id\":\"https:\/\/traductoracompulsiva.es\/aviso-legal-2\/\",\"url\":\"https:\/\/traductoracompulsiva.es\/aviso-legal-2\/\",\"name\":\"Aviso Legal - TRADUCTORA COMPULSIVA\",\"isPartOf\":{\"@id\":\"https:\/\/traductoracompulsiva.es\/#website\"},\"datePublished\":\"2025-04-14T20:06:58+00:00\",\"dateModified\":\"2025-12-24T16:17:30+00:00\",\"description\":\"Traductora Compulsiva: Servicios de traducci\u00f3n profesional de ingl\u00e9s y franc\u00e9s a espa\u00f1ol. Especialista en correcci\u00f3n de textos, transcreaci\u00f3n, y transcripci\u00f3n. Convierte tus palabras en mensajes claros y efectivos.\",\"breadcrumb\":{\"@id\":\"https:\/\/traductoracompulsiva.es\/aviso-legal-2\/#breadcrumb\"},\"inLanguage\":\"en-US\",\"potentialAction\":[{\"@type\":\"ReadAction\",\"target\":[\"https:\/\/traductoracompulsiva.es\/aviso-legal-2\/\"]}]},{\"@type\":\"BreadcrumbList\",\"@id\":\"https:\/\/traductoracompulsiva.es\/aviso-legal-2\/#breadcrumb\",\"itemListElement\":[{\"@type\":\"ListItem\",\"position\":1,\"name\":\"Portada\",\"item\":\"https:\/\/traductoracompulsiva.es\/\"},{\"@type\":\"ListItem\",\"position\":2,\"name\":\"Aviso Legal\"}]},{\"@type\":\"WebSite\",\"@id\":\"https:\/\/traductoracompulsiva.es\/#website\",\"url\":\"https:\/\/traductoracompulsiva.es\/\",\"name\":\"TRADUCTORA COMPULSIVA\",\"description\":\"Proyectos ling\u00fc\u00edstico hablados con amor\",\"publisher\":{\"@id\":\"https:\/\/traductoracompulsiva.es\/#organization\"},\"potentialAction\":[{\"@type\":\"SearchAction\",\"target\":{\"@type\":\"EntryPoint\",\"urlTemplate\":\"https:\/\/traductoracompulsiva.es\/?s={search_term_string}\"},\"query-input\":{\"@type\":\"PropertyValueSpecification\",\"valueRequired\":true,\"valueName\":\"search_term_string\"}}],\"inLanguage\":\"en-US\"},{\"@type\":\"Organization\",\"@id\":\"https:\/\/traductoracompulsiva.es\/#organization\",\"name\":\"TRADUCTORA COMPULSIVA\",\"url\":\"https:\/\/traductoracompulsiva.es\/\",\"logo\":{\"@type\":\"ImageObject\",\"inLanguage\":\"en-US\",\"@id\":\"https:\/\/traductoracompulsiva.es\/#\/schema\/logo\/image\/\",\"url\":\"https:\/\/traductoracompulsiva.es\/wp-content\/uploads\/2024\/11\/Logo-LTC_Verde-simple_Recortado.png\",\"contentUrl\":\"https:\/\/traductoracompulsiva.es\/wp-content\/uploads\/2024\/11\/Logo-LTC_Verde-simple_Recortado.png\",\"width\":428,\"height\":428,\"caption\":\"TRADUCTORA COMPULSIVA\"},\"image\":{\"@id\":\"https:\/\/traductoracompulsiva.es\/#\/schema\/logo\/image\/\"}}]}<\/script>\n<!-- \/ Yoast SEO plugin. -->","yoast_head_json":{"title":"Aviso Legal - TRADUCTORA COMPULSIVA","description":"Traductora Compulsiva: Servicios de traducci\u00f3n profesional de ingl\u00e9s y franc\u00e9s a espa\u00f1ol. Especialista en correcci\u00f3n de textos, transcreaci\u00f3n, y transcripci\u00f3n. Convierte tus palabras en mensajes claros y efectivos.","robots":{"index":"noindex","follow":"follow"},"og_locale":"en_US","og_type":"article","og_title":"Aviso Legal - TRADUCTORA COMPULSIVA","og_description":"Traductora Compulsiva: Servicios de traducci\u00f3n profesional de ingl\u00e9s y franc\u00e9s a espa\u00f1ol. Especialista en correcci\u00f3n de textos, transcreaci\u00f3n, y transcripci\u00f3n. Convierte tus palabras en mensajes claros y efectivos.","og_url":"https:\/\/traductoracompulsiva.es\/en\/aviso-legal-2\/","og_site_name":"TRADUCTORA COMPULSIVA","article_modified_time":"2025-12-24T16:17:30+00:00","twitter_card":"summary_large_image","schema":{"@context":"https:\/\/schema.org","@graph":[{"@type":"WebPage","@id":"https:\/\/traductoracompulsiva.es\/aviso-legal-2\/","url":"https:\/\/traductoracompulsiva.es\/aviso-legal-2\/","name":"Aviso Legal - TRADUCTORA COMPULSIVA","isPartOf":{"@id":"https:\/\/traductoracompulsiva.es\/#website"},"datePublished":"2025-04-14T20:06:58+00:00","dateModified":"2025-12-24T16:17:30+00:00","description":"Traductora Compulsiva: Servicios de traducci\u00f3n profesional de ingl\u00e9s y franc\u00e9s a espa\u00f1ol. Especialista en correcci\u00f3n de textos, transcreaci\u00f3n, y transcripci\u00f3n. Convierte tus palabras en mensajes claros y efectivos.","breadcrumb":{"@id":"https:\/\/traductoracompulsiva.es\/aviso-legal-2\/#breadcrumb"},"inLanguage":"en-US","potentialAction":[{"@type":"ReadAction","target":["https:\/\/traductoracompulsiva.es\/aviso-legal-2\/"]}]},{"@type":"BreadcrumbList","@id":"https:\/\/traductoracompulsiva.es\/aviso-legal-2\/#breadcrumb","itemListElement":[{"@type":"ListItem","position":1,"name":"Portada","item":"https:\/\/traductoracompulsiva.es\/"},{"@type":"ListItem","position":2,"name":"Aviso Legal"}]},{"@type":"WebSite","@id":"https:\/\/traductoracompulsiva.es\/#website","url":"https:\/\/traductoracompulsiva.es\/","name":"TRADUCTORA COMPULSIVA","description":"Proyectos ling\u00fc\u00edstico hablados con amor","publisher":{"@id":"https:\/\/traductoracompulsiva.es\/#organization"},"potentialAction":[{"@type":"SearchAction","target":{"@type":"EntryPoint","urlTemplate":"https:\/\/traductoracompulsiva.es\/?s={search_term_string}"},"query-input":{"@type":"PropertyValueSpecification","valueRequired":true,"valueName":"search_term_string"}}],"inLanguage":"en-US"},{"@type":"Organization","@id":"https:\/\/traductoracompulsiva.es\/#organization","name":"TRADUCTORA COMPULSIVA","url":"https:\/\/traductoracompulsiva.es\/","logo":{"@type":"ImageObject","inLanguage":"en-US","@id":"https:\/\/traductoracompulsiva.es\/#\/schema\/logo\/image\/","url":"https:\/\/traductoracompulsiva.es\/wp-content\/uploads\/2024\/11\/Logo-LTC_Verde-simple_Recortado.png","contentUrl":"https:\/\/traductoracompulsiva.es\/wp-content\/uploads\/2024\/11\/Logo-LTC_Verde-simple_Recortado.png","width":428,"height":428,"caption":"TRADUCTORA COMPULSIVA"},"image":{"@id":"https:\/\/traductoracompulsiva.es\/#\/schema\/logo\/image\/"}}]}},"_links":{"self":[{"href":"http:\/\/traductoracompulsiva.es\/en\/wp-json\/wp\/v2\/pages\/625","targetHints":{"allow":["GET"]}}],"collection":[{"href":"http:\/\/traductoracompulsiva.es\/en\/wp-json\/wp\/v2\/pages"}],"about":[{"href":"http:\/\/traductoracompulsiva.es\/en\/wp-json\/wp\/v2\/types\/page"}],"author":[{"embeddable":true,"href":"http:\/\/traductoracompulsiva.es\/en\/wp-json\/wp\/v2\/users\/1"}],"replies":[{"embeddable":true,"href":"http:\/\/traductoracompulsiva.es\/en\/wp-json\/wp\/v2\/comments?post=625"}],"version-history":[{"count":2,"href":"http:\/\/traductoracompulsiva.es\/en\/wp-json\/wp\/v2\/pages\/625\/revisions"}],"predecessor-version":[{"id":627,"href":"http:\/\/traductoracompulsiva.es\/en\/wp-json\/wp\/v2\/pages\/625\/revisions\/627"}],"wp:attachment":[{"href":"http:\/\/traductoracompulsiva.es\/en\/wp-json\/wp\/v2\/media?parent=625"}],"curies":[{"name":"wp","href":"https:\/\/api.w.org\/{rel}","templated":true}]}}