{"id":11,"date":"2020-07-09T09:53:02","date_gmt":"2020-07-09T09:53:02","guid":{"rendered":"https:\/\/themes.muffingroup.com\/be\/detailing4\/?page_id=11"},"modified":"2025-12-24T17:09:54","modified_gmt":"2025-12-24T17:09:54","slug":"traductora-profesional","status":"publish","type":"page","link":"https:\/\/traductoracompulsiva.es\/en\/traductora-profesional\/","title":{"rendered":"About me"},"content":{"rendered":"<div data-elementor-type=\"wp-page\" data-elementor-id=\"11\" class=\"elementor elementor-11\">\n\t\t\t\t\t\t<section class=\"elementor-section elementor-top-section elementor-element elementor-element-7ff7c22 elementor-section-stretched elementor-section-full_width elementor-section-content-middle elementor-section-height-default elementor-section-height-default\" data-id=\"7ff7c22\" data-element_type=\"section\" data-e-type=\"section\" data-settings=\"{&quot;stretch_section&quot;:&quot;section-stretched&quot;,&quot;background_background&quot;:&quot;classic&quot;}\">\n\t\t\t\t\t\t<div class=\"elementor-container elementor-column-gap-wider\">\n\t\t\t\t\t<div class=\"elementor-column elementor-col-33 elementor-top-column elementor-element elementor-element-cb4119c\" data-id=\"cb4119c\" data-element_type=\"column\" data-e-type=\"column\">\n\t\t\t<div class=\"elementor-widget-wrap elementor-element-populated\">\n\t\t\t\t\t\t<div class=\"elementor-element elementor-element-b5c97e0 elementor-widget-divider--view-line elementor-widget elementor-widget-divider\" data-id=\"b5c97e0\" data-element_type=\"widget\" data-e-type=\"widget\" data-widget_type=\"divider.default\">\n\t\t\t\t<div class=\"elementor-widget-container\">\n\t\t\t\t\t\t\t<div class=\"elementor-divider\">\n\t\t\t<span class=\"elementor-divider-separator\">\n\t\t\t\t\t\t<\/span>\n\t\t<\/div>\n\t\t\t\t\t\t<\/div>\n\t\t\t\t<\/div>\n\t\t\t\t\t<\/div>\n\t\t<\/div>\n\t\t\t\t<div class=\"elementor-column elementor-col-33 elementor-top-column elementor-element elementor-element-7f9ec80\" data-id=\"7f9ec80\" data-element_type=\"column\" data-e-type=\"column\">\n\t\t\t<div class=\"elementor-widget-wrap elementor-element-populated\">\n\t\t\t\t\t\t<div class=\"elementor-element elementor-element-fd14f25 elementor-widget elementor-widget-heading\" data-id=\"fd14f25\" data-element_type=\"widget\" data-e-type=\"widget\" data-widget_type=\"heading.default\">\n\t\t\t\t<div class=\"elementor-widget-container\">\n\t\t\t\t\t<h1 class=\"elementor-heading-title elementor-size-default\">Let me introduce myself<\/h1>\t\t\t\t<\/div>\n\t\t\t\t<\/div>\n\t\t\t\t\t<\/div>\n\t\t<\/div>\n\t\t\t\t<div class=\"elementor-column elementor-col-33 elementor-top-column elementor-element elementor-element-bacc303\" data-id=\"bacc303\" data-element_type=\"column\" data-e-type=\"column\">\n\t\t\t<div class=\"elementor-widget-wrap elementor-element-populated\">\n\t\t\t\t\t\t<div class=\"elementor-element elementor-element-391420b elementor-widget-divider--view-line elementor-widget elementor-widget-divider\" data-id=\"391420b\" data-element_type=\"widget\" data-e-type=\"widget\" data-widget_type=\"divider.default\">\n\t\t\t\t<div class=\"elementor-widget-container\">\n\t\t\t\t\t\t\t<div class=\"elementor-divider\">\n\t\t\t<span class=\"elementor-divider-separator\">\n\t\t\t\t\t\t<\/span>\n\t\t<\/div>\n\t\t\t\t\t\t<\/div>\n\t\t\t\t<\/div>\n\t\t\t\t\t<\/div>\n\t\t<\/div>\n\t\t\t\t\t<\/div>\n\t\t<\/section>\n\t\t\t\t<section class=\"elementor-section elementor-top-section elementor-element elementor-element-317a85f elementor-section-stretched elementor-section-boxed elementor-section-height-default elementor-section-height-default\" data-id=\"317a85f\" data-element_type=\"section\" data-e-type=\"section\" data-settings=\"{&quot;stretch_section&quot;:&quot;section-stretched&quot;,&quot;background_background&quot;:&quot;classic&quot;}\">\n\t\t\t\t\t\t<div class=\"elementor-container elementor-column-gap-wider\">\n\t\t\t\t\t<div class=\"elementor-column elementor-col-100 elementor-top-column elementor-element elementor-element-b58a5f0\" data-id=\"b58a5f0\" data-element_type=\"column\" data-e-type=\"column\">\n\t\t\t<div class=\"elementor-widget-wrap elementor-element-populated\">\n\t\t\t\t\t\t<section class=\"elementor-section elementor-inner-section elementor-element elementor-element-6c3cff4 elementor-section-boxed elementor-section-height-default elementor-section-height-default\" data-id=\"6c3cff4\" data-element_type=\"section\" data-e-type=\"section\">\n\t\t\t\t\t\t<div class=\"elementor-container elementor-column-gap-default\">\n\t\t\t\t\t<div class=\"elementor-column elementor-col-100 elementor-inner-column elementor-element elementor-element-3f34921\" data-id=\"3f34921\" data-element_type=\"column\" data-e-type=\"column\">\n\t\t\t<div class=\"elementor-widget-wrap elementor-element-populated\">\n\t\t\t\t\t\t<div class=\"elementor-element elementor-element-7659fd2 elementor-widget elementor-widget-heading\" data-id=\"7659fd2\" data-element_type=\"widget\" data-e-type=\"widget\" data-widget_type=\"heading.default\">\n\t\t\t\t<div class=\"elementor-widget-container\">\n\t\t\t\t\t<h2 class=\"elementor-heading-title elementor-size-default\">Hi! I'm Paula and<\/h2>\t\t\t\t<\/div>\n\t\t\t\t<\/div>\n\t\t\t\t<div class=\"elementor-element elementor-element-f224411 elementor-widget elementor-widget-heading\" data-id=\"f224411\" data-element_type=\"widget\" data-e-type=\"widget\" data-widget_type=\"heading.default\">\n\t\t\t\t<div class=\"elementor-widget-container\">\n\t\t\t\t\t<h3 class=\"elementor-heading-title elementor-size-default\">I\u2019ve been translating since 2019<\/h3>\t\t\t\t<\/div>\n\t\t\t\t<\/div>\n\t\t\t\t<div class=\"elementor-element elementor-element-47e16d4 elementor-widget elementor-widget-image\" data-id=\"47e16d4\" data-element_type=\"widget\" data-e-type=\"widget\" data-widget_type=\"image.default\">\n\t\t\t\t<div class=\"elementor-widget-container\">\n\t\t\t\t\t\t\t\t\t\t\t\t\t\t\t<img decoding=\"async\" src=\"https:\/\/traductoracompulsiva.es\/wp-content\/uploads\/2024\/12\/Diseno-sin-titulo-40.png\" title=\"Dise\u00f1o sin t\u00edtulo (40)\" alt=\"Dise\u00f1o sin t\u00edtulo (40)\" class=\"elementor-animation-bounce-out\" loading=\"lazy\" \/>\t\t\t\t\t\t\t\t\t\t\t\t\t\t\t<\/div>\n\t\t\t\t<\/div>\n\t\t\t\t\t<\/div>\n\t\t<\/div>\n\t\t\t\t\t<\/div>\n\t\t<\/section>\n\t\t\t\t\t<\/div>\n\t\t<\/div>\n\t\t\t\t\t<\/div>\n\t\t<\/section>\n\t\t<div class=\"elementor-element elementor-element-efde84b elementor-hidden-mobile e-flex e-con-boxed e-con e-parent\" data-id=\"efde84b\" data-element_type=\"container\" data-e-type=\"container\">\n\t\t\t\t\t<div class=\"e-con-inner\">\n\t\t<div class=\"elementor-element elementor-element-d6a2a16 e-con-full e-flex e-con e-child\" data-id=\"d6a2a16\" data-element_type=\"container\" data-e-type=\"container\">\n\t\t\t\t<\/div>\n\t\t<div class=\"elementor-element elementor-element-2f08182 e-con-full e-flex e-con e-child\" data-id=\"2f08182\" data-element_type=\"container\" data-e-type=\"container\">\n\t\t\t\t<\/div>\n\t\t\t\t\t<\/div>\n\t\t\t\t<\/div>\n\t\t<div class=\"elementor-element elementor-element-de198e0 e-flex e-con-boxed e-con e-parent\" data-id=\"de198e0\" data-element_type=\"container\" data-e-type=\"container\" data-settings=\"{&quot;background_background&quot;:&quot;classic&quot;}\">\n\t\t\t\t\t<div class=\"e-con-inner\">\n\t\t<div class=\"elementor-element elementor-element-d668845 e-con-full e-flex e-con e-child\" data-id=\"d668845\" data-element_type=\"container\" data-e-type=\"container\">\n\t\t<div class=\"elementor-element elementor-element-69a032c e-con-full e-flex e-con e-child\" data-id=\"69a032c\" data-element_type=\"container\" data-e-type=\"container\">\n\t\t<div class=\"elementor-element elementor-element-de13fec e-con-full e-flex e-con e-child\" data-id=\"de13fec\" data-element_type=\"container\" data-e-type=\"container\" data-settings=\"{&quot;background_background&quot;:&quot;classic&quot;}\">\n\t\t\t\t<\/div>\n\t\t<div class=\"elementor-element elementor-element-faa1789 e-con-full e-flex e-con e-child\" data-id=\"faa1789\" data-element_type=\"container\" data-e-type=\"container\">\n\t\t\t\t<div class=\"elementor-element elementor-element-148c8c6 elementor-widget elementor-widget-text-editor\" data-id=\"148c8c6\" data-element_type=\"widget\" data-e-type=\"widget\" data-widget_type=\"text-editor.default\">\n\t\t\t\t<div class=\"elementor-widget-container\">\n\t\t\t\t\t\t\t\t\t<h3>Gran Canaria<\/h3><p>I was born in 1991, on a hot Sunday morning in July on the island of Gran Canaria, where I grew up and where I currently live. Owing to the strong presence of tourism in the Canary Islands, I was constantly exposed to different cultures and languages and developed a great interest in them from a young age.  I always found reassurance, encouragement and inspiration in words, they were my refuge and source of passion.<\/p><p><span style=\"font-weight: 400;\">In 2014, I graduated in Translation and Interpreting from the University of Las Palmas de Gran Canaria (ULPGC). During my studies, I won the <\/span><i><span style=\"font-weight: 400;\">Veritas University Challenge 2012<\/span><\/i><span style=\"font-weight: 400;\"> and received a Special Mention in the 1st Short Story Translation Competition organised by the ULPGC\u2019s Translation and Interpreting Faculty.<\/span><\/p>\t\t\t\t\t\t\t\t<\/div>\n\t\t\t\t<\/div>\n\t\t\t\t<div class=\"elementor-element elementor-element-7ea95f2 elementor-widget elementor-widget-text-editor\" data-id=\"7ea95f2\" data-element_type=\"widget\" data-e-type=\"widget\" data-widget_type=\"text-editor.default\">\n\t\t\t\t<div class=\"elementor-widget-container\">\n\t\t\t\t\t\t\t\t\t<h3>Europe<\/h3><p><span style=\"font-weight: 400;\">In 2015, I moved to Paris to work as a language assistant at the Acad\u00e9mie de Cr\u00e9teil, on the outskirts of the French capital, and I enjoyed a fabulous seven years in the city. I did a master's in International Relations at Sorbonne University in 2017 and worked as project manager at the French Association for Standardisation (AFNOR), as well as for various startups and on different projects. <\/span><\/p><p><span style=\"font-weight: 400;\">This professional experience allowed me to travel throughout Europe (United Kingdom, Germany and Spain) to attend international meetings in which I mediated between parties who weren\u2019t always in agreement. These meetings enabled me to fine-tune my public-speaking, cross-cultural mediation and active listening skills, essential requirements for anyone whose work involves understanding others.<\/span><\/p>\t\t\t\t\t\t\t\t<\/div>\n\t\t\t\t<\/div>\n\t\t\t\t<\/div>\n\t\t\t\t<\/div>\n\t\t\t\t<\/div>\n\t\t\t\t\t<\/div>\n\t\t\t\t<\/div>\n\t\t<div class=\"elementor-element elementor-element-a234e37 e-flex e-con-boxed e-con e-parent\" data-id=\"a234e37\" data-element_type=\"container\" data-e-type=\"container\">\n\t\t\t\t\t<div class=\"e-con-inner\">\n\t\t<div class=\"elementor-element elementor-element-fd4f9e0 e-con-full e-flex e-con e-child\" data-id=\"fd4f9e0\" data-element_type=\"container\" data-e-type=\"container\">\n\t\t\t\t<div class=\"elementor-element elementor-element-33cc2f0 elementor-widget elementor-widget-text-editor\" data-id=\"33cc2f0\" data-element_type=\"widget\" data-e-type=\"widget\" data-widget_type=\"text-editor.default\">\n\t\t\t\t<div class=\"elementor-widget-container\">\n\t\t\t\t\t\t\t\t\t<h3>My own business<\/h3><p><span style=\"font-weight: 400;\">However, I felt that I was neglecting my relationship with words. So, after a few years of reflection, in 2019 I decided to set up my own business as a professional translator. Since then,  I\u2019ve specialised in different business sectors: environment, international relations, marketing, corporate communication and  migration.<\/span><\/p><p><span style=\"font-weight: 400;\">I\u2019m a member of the Spanish Association of Translators and Interpreters (Asetrad) and a teacher of translation and interpreting subjects at the Translation and Interpreting Faculty of the University of Las Palmas de Gran Canaria (ULPGC).<\/span><\/p>\t\t\t\t\t\t\t\t<\/div>\n\t\t\t\t<\/div>\n\t\t\t\t<\/div>\n\t\t<div class=\"elementor-element elementor-element-cfaa892 e-con-full e-flex e-con e-child\" data-id=\"cfaa892\" data-element_type=\"container\" data-e-type=\"container\" data-settings=\"{&quot;background_background&quot;:&quot;classic&quot;}\">\n\t\t\t\t<\/div>\n\t\t\t\t\t<\/div>\n\t\t\t\t<\/div>\n\t\t<div class=\"elementor-element elementor-element-5cb86cf elementor-hidden-mobile e-flex e-con-boxed e-con e-parent\" data-id=\"5cb86cf\" data-element_type=\"container\" data-e-type=\"container\">\n\t\t\t\t\t<div class=\"e-con-inner\">\n\t\t\t\t<div class=\"elementor-element elementor-element-965165f elementor-widget elementor-widget-spacer\" data-id=\"965165f\" data-element_type=\"widget\" data-e-type=\"widget\" data-widget_type=\"spacer.default\">\n\t\t\t\t<div class=\"elementor-widget-container\">\n\t\t\t\t\t\t\t<div class=\"elementor-spacer\">\n\t\t\t<div class=\"elementor-spacer-inner\"><\/div>\n\t\t<\/div>\n\t\t\t\t\t\t<\/div>\n\t\t\t\t<\/div>\n\t\t\t\t\t<\/div>\n\t\t\t\t<\/div>\n\t\t<div class=\"elementor-element elementor-element-4b8bbec5 e-flex e-con-boxed e-con e-parent\" data-id=\"4b8bbec5\" data-element_type=\"container\" data-e-type=\"container\">\n\t\t\t\t\t<div class=\"e-con-inner\">\n\t\t\t\t<div class=\"elementor-element elementor-element-25785785 elementor-widget elementor-widget-image\" data-id=\"25785785\" data-element_type=\"widget\" data-e-type=\"widget\" data-widget_type=\"image.default\">\n\t\t\t\t<div class=\"elementor-widget-container\">\n\t\t\t\t\t\t\t\t\t\t\t\t\t\t\t<img fetchpriority=\"high\" decoding=\"async\" width=\"1200\" height=\"188\" src=\"https:\/\/traductoracompulsiva.es\/wp-content\/uploads\/2025\/03\/logos-kit-1200x188-1.webp\" class=\"attachment-full size-full wp-image-575\" alt=\"\" srcset=\"https:\/\/traductoracompulsiva.es\/wp-content\/uploads\/2025\/03\/logos-kit-1200x188-1.webp 1200w, https:\/\/traductoracompulsiva.es\/wp-content\/uploads\/2025\/03\/logos-kit-1200x188-1-500x78.webp 500w, https:\/\/traductoracompulsiva.es\/wp-content\/uploads\/2025\/03\/logos-kit-1200x188-1-300x47.webp 300w, https:\/\/traductoracompulsiva.es\/wp-content\/uploads\/2025\/03\/logos-kit-1200x188-1-768x120.webp 768w, https:\/\/traductoracompulsiva.es\/wp-content\/uploads\/2025\/03\/logos-kit-1200x188-1-18x3.webp 18w, https:\/\/traductoracompulsiva.es\/wp-content\/uploads\/2025\/03\/logos-kit-1200x188-1-150x24.webp 150w, https:\/\/traductoracompulsiva.es\/wp-content\/uploads\/2025\/03\/logos-kit-1200x188-1-480x75.webp 480w\" sizes=\"(max-width:767px) 480px, (max-width:1200px) 100vw, 1200px\" \/>\t\t\t\t\t\t\t\t\t\t\t\t\t\t\t<\/div>\n\t\t\t\t<\/div>\n\t\t\t\t\t<\/div>\n\t\t\t\t<\/div>\n\t\t\t\t<\/div>","protected":false},"excerpt":{"rendered":"<p>Me presento \u00a1Hola! Soy Paula y soy traductora de ingl\u00e9s y franc\u00e9s desde 2019 Gran Canaria Nac\u00ed en 1991, en la ma\u00f1ana de un domingo caluroso<span class=\"excerpt-hellip\"> [\u2026]<\/span><\/p>\n","protected":false},"author":1,"featured_media":0,"parent":0,"menu_order":0,"comment_status":"closed","ping_status":"closed","template":"","meta":{"footnotes":""},"class_list":["post-11","page","type-page","status-publish","hentry"],"yoast_head":"<!-- This site is optimized with the Yoast SEO plugin v26.8 - https:\/\/yoast.com\/product\/yoast-seo-wordpress\/ -->\n<title>Traductora profesional de ingl\u00e9s y franc\u00e9s<\/title>\n<meta name=\"description\" content=\"Traductora profesional con experiencia en traducci\u00f3n especializada de ingl\u00e9s y franc\u00e9s, adaptada a cada tipo de texto y sector.\" \/>\n<meta name=\"robots\" content=\"index, follow, max-snippet:-1, max-image-preview:large, max-video-preview:-1\" \/>\n<link rel=\"canonical\" href=\"https:\/\/traductoracompulsiva.es\/en\/traductora-profesional\/\" \/>\n<meta property=\"og:locale\" content=\"en_US\" \/>\n<meta property=\"og:type\" content=\"article\" \/>\n<meta property=\"og:title\" content=\"Traductora profesional de ingl\u00e9s y franc\u00e9s\" \/>\n<meta property=\"og:description\" content=\"Traductora profesional con experiencia en traducci\u00f3n especializada de ingl\u00e9s y franc\u00e9s, adaptada a cada tipo de texto y sector.\" \/>\n<meta property=\"og:url\" content=\"https:\/\/traductoracompulsiva.es\/en\/traductora-profesional\/\" \/>\n<meta property=\"og:site_name\" content=\"TRADUCTORA COMPULSIVA\" \/>\n<meta property=\"article:modified_time\" content=\"2025-12-24T17:09:54+00:00\" \/>\n<meta property=\"og:image\" content=\"https:\/\/traductoracompulsiva.es\/wp-content\/uploads\/2024\/12\/Diseno-sin-titulo-40.png\" \/>\n<meta name=\"twitter:card\" content=\"summary_large_image\" \/>\n<meta name=\"twitter:label1\" content=\"Est. reading time\" \/>\n\t<meta name=\"twitter:data1\" content=\"2 minutes\" \/>\n<script type=\"application\/ld+json\" class=\"yoast-schema-graph\">{\"@context\":\"https:\/\/schema.org\",\"@graph\":[{\"@type\":\"WebPage\",\"@id\":\"https:\/\/traductoracompulsiva.es\/traductora-profesional\/\",\"url\":\"https:\/\/traductoracompulsiva.es\/traductora-profesional\/\",\"name\":\"Traductora profesional de ingl\u00e9s y franc\u00e9s\",\"isPartOf\":{\"@id\":\"https:\/\/traductoracompulsiva.es\/#website\"},\"primaryImageOfPage\":{\"@id\":\"https:\/\/traductoracompulsiva.es\/traductora-profesional\/#primaryimage\"},\"image\":{\"@id\":\"https:\/\/traductoracompulsiva.es\/traductora-profesional\/#primaryimage\"},\"thumbnailUrl\":\"https:\/\/traductoracompulsiva.es\/wp-content\/uploads\/2024\/12\/Diseno-sin-titulo-40.png\",\"datePublished\":\"2020-07-09T09:53:02+00:00\",\"dateModified\":\"2025-12-24T17:09:54+00:00\",\"description\":\"Traductora profesional con experiencia en traducci\u00f3n especializada de ingl\u00e9s y franc\u00e9s, adaptada a cada tipo de texto y sector.\",\"breadcrumb\":{\"@id\":\"https:\/\/traductoracompulsiva.es\/traductora-profesional\/#breadcrumb\"},\"inLanguage\":\"en-US\",\"potentialAction\":[{\"@type\":\"ReadAction\",\"target\":[\"https:\/\/traductoracompulsiva.es\/traductora-profesional\/\"]}]},{\"@type\":\"ImageObject\",\"inLanguage\":\"en-US\",\"@id\":\"https:\/\/traductoracompulsiva.es\/traductora-profesional\/#primaryimage\",\"url\":\"https:\/\/traductoracompulsiva.es\/wp-content\/uploads\/2024\/12\/Diseno-sin-titulo-40.png\",\"contentUrl\":\"https:\/\/traductoracompulsiva.es\/wp-content\/uploads\/2024\/12\/Diseno-sin-titulo-40.png\"},{\"@type\":\"BreadcrumbList\",\"@id\":\"https:\/\/traductoracompulsiva.es\/traductora-profesional\/#breadcrumb\",\"itemListElement\":[{\"@type\":\"ListItem\",\"position\":1,\"name\":\"Portada\",\"item\":\"https:\/\/traductoracompulsiva.es\/\"},{\"@type\":\"ListItem\",\"position\":2,\"name\":\"Qui\u00e9n soy\"}]},{\"@type\":\"WebSite\",\"@id\":\"https:\/\/traductoracompulsiva.es\/#website\",\"url\":\"https:\/\/traductoracompulsiva.es\/\",\"name\":\"TRADUCTORA COMPULSIVA\",\"description\":\"Proyectos ling\u00fc\u00edstico hablados con amor\",\"publisher\":{\"@id\":\"https:\/\/traductoracompulsiva.es\/#organization\"},\"potentialAction\":[{\"@type\":\"SearchAction\",\"target\":{\"@type\":\"EntryPoint\",\"urlTemplate\":\"https:\/\/traductoracompulsiva.es\/?s={search_term_string}\"},\"query-input\":{\"@type\":\"PropertyValueSpecification\",\"valueRequired\":true,\"valueName\":\"search_term_string\"}}],\"inLanguage\":\"en-US\"},{\"@type\":\"Organization\",\"@id\":\"https:\/\/traductoracompulsiva.es\/#organization\",\"name\":\"TRADUCTORA COMPULSIVA\",\"url\":\"https:\/\/traductoracompulsiva.es\/\",\"logo\":{\"@type\":\"ImageObject\",\"inLanguage\":\"en-US\",\"@id\":\"https:\/\/traductoracompulsiva.es\/#\/schema\/logo\/image\/\",\"url\":\"https:\/\/traductoracompulsiva.es\/wp-content\/uploads\/2024\/11\/Logo-LTC_Verde-simple_Recortado.png\",\"contentUrl\":\"https:\/\/traductoracompulsiva.es\/wp-content\/uploads\/2024\/11\/Logo-LTC_Verde-simple_Recortado.png\",\"width\":428,\"height\":428,\"caption\":\"TRADUCTORA COMPULSIVA\"},\"image\":{\"@id\":\"https:\/\/traductoracompulsiva.es\/#\/schema\/logo\/image\/\"}}]}<\/script>\n<!-- \/ Yoast SEO plugin. -->","yoast_head_json":{"title":"Traductora profesional de ingl\u00e9s y franc\u00e9s","description":"Traductora profesional con experiencia en traducci\u00f3n especializada de ingl\u00e9s y franc\u00e9s, adaptada a cada tipo de texto y sector.","robots":{"index":"index","follow":"follow","max-snippet":"max-snippet:-1","max-image-preview":"max-image-preview:large","max-video-preview":"max-video-preview:-1"},"canonical":"https:\/\/traductoracompulsiva.es\/en\/traductora-profesional\/","og_locale":"en_US","og_type":"article","og_title":"Traductora profesional de ingl\u00e9s y franc\u00e9s","og_description":"Traductora profesional con experiencia en traducci\u00f3n especializada de ingl\u00e9s y franc\u00e9s, adaptada a cada tipo de texto y sector.","og_url":"https:\/\/traductoracompulsiva.es\/en\/traductora-profesional\/","og_site_name":"TRADUCTORA COMPULSIVA","article_modified_time":"2025-12-24T17:09:54+00:00","og_image":[{"url":"https:\/\/traductoracompulsiva.es\/wp-content\/uploads\/2024\/12\/Diseno-sin-titulo-40.png","type":"","width":"","height":""}],"twitter_card":"summary_large_image","twitter_misc":{"Est. reading time":"2 minutes"},"schema":{"@context":"https:\/\/schema.org","@graph":[{"@type":"WebPage","@id":"https:\/\/traductoracompulsiva.es\/traductora-profesional\/","url":"https:\/\/traductoracompulsiva.es\/traductora-profesional\/","name":"Traductora profesional de ingl\u00e9s y franc\u00e9s","isPartOf":{"@id":"https:\/\/traductoracompulsiva.es\/#website"},"primaryImageOfPage":{"@id":"https:\/\/traductoracompulsiva.es\/traductora-profesional\/#primaryimage"},"image":{"@id":"https:\/\/traductoracompulsiva.es\/traductora-profesional\/#primaryimage"},"thumbnailUrl":"https:\/\/traductoracompulsiva.es\/wp-content\/uploads\/2024\/12\/Diseno-sin-titulo-40.png","datePublished":"2020-07-09T09:53:02+00:00","dateModified":"2025-12-24T17:09:54+00:00","description":"Traductora profesional con experiencia en traducci\u00f3n especializada de ingl\u00e9s y franc\u00e9s, adaptada a cada tipo de texto y sector.","breadcrumb":{"@id":"https:\/\/traductoracompulsiva.es\/traductora-profesional\/#breadcrumb"},"inLanguage":"en-US","potentialAction":[{"@type":"ReadAction","target":["https:\/\/traductoracompulsiva.es\/traductora-profesional\/"]}]},{"@type":"ImageObject","inLanguage":"en-US","@id":"https:\/\/traductoracompulsiva.es\/traductora-profesional\/#primaryimage","url":"https:\/\/traductoracompulsiva.es\/wp-content\/uploads\/2024\/12\/Diseno-sin-titulo-40.png","contentUrl":"https:\/\/traductoracompulsiva.es\/wp-content\/uploads\/2024\/12\/Diseno-sin-titulo-40.png"},{"@type":"BreadcrumbList","@id":"https:\/\/traductoracompulsiva.es\/traductora-profesional\/#breadcrumb","itemListElement":[{"@type":"ListItem","position":1,"name":"Portada","item":"https:\/\/traductoracompulsiva.es\/"},{"@type":"ListItem","position":2,"name":"Qui\u00e9n soy"}]},{"@type":"WebSite","@id":"https:\/\/traductoracompulsiva.es\/#website","url":"https:\/\/traductoracompulsiva.es\/","name":"TRADUCTORA COMPULSIVA","description":"Proyectos ling\u00fc\u00edstico hablados con amor","publisher":{"@id":"https:\/\/traductoracompulsiva.es\/#organization"},"potentialAction":[{"@type":"SearchAction","target":{"@type":"EntryPoint","urlTemplate":"https:\/\/traductoracompulsiva.es\/?s={search_term_string}"},"query-input":{"@type":"PropertyValueSpecification","valueRequired":true,"valueName":"search_term_string"}}],"inLanguage":"en-US"},{"@type":"Organization","@id":"https:\/\/traductoracompulsiva.es\/#organization","name":"TRADUCTORA COMPULSIVA","url":"https:\/\/traductoracompulsiva.es\/","logo":{"@type":"ImageObject","inLanguage":"en-US","@id":"https:\/\/traductoracompulsiva.es\/#\/schema\/logo\/image\/","url":"https:\/\/traductoracompulsiva.es\/wp-content\/uploads\/2024\/11\/Logo-LTC_Verde-simple_Recortado.png","contentUrl":"https:\/\/traductoracompulsiva.es\/wp-content\/uploads\/2024\/11\/Logo-LTC_Verde-simple_Recortado.png","width":428,"height":428,"caption":"TRADUCTORA COMPULSIVA"},"image":{"@id":"https:\/\/traductoracompulsiva.es\/#\/schema\/logo\/image\/"}}]}},"_links":{"self":[{"href":"https:\/\/traductoracompulsiva.es\/en\/wp-json\/wp\/v2\/pages\/11","targetHints":{"allow":["GET"]}}],"collection":[{"href":"https:\/\/traductoracompulsiva.es\/en\/wp-json\/wp\/v2\/pages"}],"about":[{"href":"https:\/\/traductoracompulsiva.es\/en\/wp-json\/wp\/v2\/types\/page"}],"author":[{"embeddable":true,"href":"https:\/\/traductoracompulsiva.es\/en\/wp-json\/wp\/v2\/users\/1"}],"replies":[{"embeddable":true,"href":"https:\/\/traductoracompulsiva.es\/en\/wp-json\/wp\/v2\/comments?post=11"}],"version-history":[{"count":53,"href":"https:\/\/traductoracompulsiva.es\/en\/wp-json\/wp\/v2\/pages\/11\/revisions"}],"predecessor-version":[{"id":888,"href":"https:\/\/traductoracompulsiva.es\/en\/wp-json\/wp\/v2\/pages\/11\/revisions\/888"}],"wp:attachment":[{"href":"https:\/\/traductoracompulsiva.es\/en\/wp-json\/wp\/v2\/media?parent=11"}],"curies":[{"name":"wp","href":"https:\/\/api.w.org\/{rel}","templated":true}]}}