{"id":212,"date":"2020-07-09T09:52:47","date_gmt":"2020-07-09T09:52:47","guid":{"rendered":"https:\/\/themes.muffingroup.com\/be\/detailing4\/?page_id=9"},"modified":"2025-12-24T17:10:59","modified_gmt":"2025-12-24T17:10:59","slug":"blog","status":"publish","type":"page","link":"https:\/\/traductoracompulsiva.es\/en\/blog\/","title":{"rendered":"Blog"},"content":{"rendered":"\t\t<div data-elementor-type=\"wp-page\" data-elementor-id=\"212\" class=\"elementor elementor-212\">\n\t\t\t\t\t\t<section class=\"elementor-section elementor-top-section elementor-element elementor-element-ae56e31 elementor-section-stretched elementor-section-full_width elementor-section-content-middle elementor-section-height-default elementor-section-height-default\" data-id=\"ae56e31\" data-element_type=\"section\" data-e-type=\"section\" data-settings=\"{&quot;stretch_section&quot;:&quot;section-stretched&quot;,&quot;background_background&quot;:&quot;classic&quot;}\">\n\t\t\t\t\t\t<div class=\"elementor-container elementor-column-gap-wider\">\n\t\t\t\t\t<div class=\"elementor-column elementor-col-33 elementor-top-column elementor-element elementor-element-a9eba0b\" data-id=\"a9eba0b\" data-element_type=\"column\" data-e-type=\"column\">\n\t\t\t<div class=\"elementor-widget-wrap elementor-element-populated\">\n\t\t\t\t\t\t<div class=\"elementor-element elementor-element-6663666 elementor-widget-divider--view-line elementor-widget elementor-widget-divider\" data-id=\"6663666\" data-element_type=\"widget\" data-e-type=\"widget\" data-widget_type=\"divider.default\">\n\t\t\t\t<div class=\"elementor-widget-container\">\n\t\t\t\t\t\t\t<div class=\"elementor-divider\">\n\t\t\t<span class=\"elementor-divider-separator\">\n\t\t\t\t\t\t<\/span>\n\t\t<\/div>\n\t\t\t\t\t\t<\/div>\n\t\t\t\t<\/div>\n\t\t\t\t\t<\/div>\n\t\t<\/div>\n\t\t\t\t<div class=\"elementor-column elementor-col-33 elementor-top-column elementor-element elementor-element-1779300\" data-id=\"1779300\" data-element_type=\"column\" data-e-type=\"column\">\n\t\t\t<div class=\"elementor-widget-wrap elementor-element-populated\">\n\t\t\t\t\t\t<div class=\"elementor-element elementor-element-97a6a14 elementor-widget elementor-widget-heading\" data-id=\"97a6a14\" data-element_type=\"widget\" data-e-type=\"widget\" data-widget_type=\"heading.default\">\n\t\t\t\t<div class=\"elementor-widget-container\">\n\t\t\t\t\t<h1 class=\"elementor-heading-title elementor-size-default\">Blog<\/h1>\t\t\t\t<\/div>\n\t\t\t\t<\/div>\n\t\t\t\t\t<\/div>\n\t\t<\/div>\n\t\t\t\t<div class=\"elementor-column elementor-col-33 elementor-top-column elementor-element elementor-element-f5dac74\" data-id=\"f5dac74\" data-element_type=\"column\" data-e-type=\"column\">\n\t\t\t<div class=\"elementor-widget-wrap elementor-element-populated\">\n\t\t\t\t\t\t<div class=\"elementor-element elementor-element-6b2e5ca elementor-widget-divider--view-line elementor-widget elementor-widget-divider\" data-id=\"6b2e5ca\" data-element_type=\"widget\" data-e-type=\"widget\" data-widget_type=\"divider.default\">\n\t\t\t\t<div class=\"elementor-widget-container\">\n\t\t\t\t\t\t\t<div class=\"elementor-divider\">\n\t\t\t<span class=\"elementor-divider-separator\">\n\t\t\t\t\t\t<\/span>\n\t\t<\/div>\n\t\t\t\t\t\t<\/div>\n\t\t\t\t<\/div>\n\t\t\t\t\t<\/div>\n\t\t<\/div>\n\t\t\t\t\t<\/div>\n\t\t<\/section>\n\t\t\t\t<section class=\"elementor-section elementor-top-section elementor-element elementor-element-f7254b9 elementor-section-stretched elementor-section-boxed elementor-section-height-default elementor-section-height-default\" data-id=\"f7254b9\" data-element_type=\"section\" data-e-type=\"section\" data-settings=\"{&quot;stretch_section&quot;:&quot;section-stretched&quot;,&quot;background_background&quot;:&quot;classic&quot;}\">\n\t\t\t\t\t\t<div class=\"elementor-container elementor-column-gap-wider\">\n\t\t\t\t\t<div class=\"elementor-column elementor-col-100 elementor-top-column elementor-element elementor-element-046e9b6\" data-id=\"046e9b6\" data-element_type=\"column\" data-e-type=\"column\">\n\t\t\t<div class=\"elementor-widget-wrap elementor-element-populated\">\n\t\t\t\t\t\t<div class=\"elementor-element elementor-element-2afb7e4 elementor-widget__width-initial elementor-widget elementor-widget-mfn_blog\" data-id=\"2afb7e4\" data-element_type=\"widget\" data-e-type=\"widget\" data-widget_type=\"mfn_blog.default\">\n\t\t\t\t<div class=\"elementor-widget-container\">\n\t\t\t\t\t<div class=\"column_filters\"><div class=\"blog_wrapper isotope_wrapper clearfix\"><div class=\"posts_group lm_wrapper col-2 grid\"><article class=\"post post-item isotope-item clearfix post-850 type-post status-publish format-standard has-post-thumbnail hentry category-uncategorized\" style=\"\"><div class=\"date_label\">July 25, 2025<\/div><div class=\"image_frame post-photo-wrapper scale-with-grid image\"><div class=\"image_wrapper\"><a href=\"https:\/\/traductoracompulsiva.es\/en\/uncategorized\/3-razones-encargar-traduccion-verano-850\/\"><div class=\"mask\"><\/div><img fetchpriority=\"high\" decoding=\"async\" width=\"960\" height=\"720\" src=\"https:\/\/traductoracompulsiva.es\/wp-content\/uploads\/2025\/07\/digital-nomads-4875466_1280-960x720.webp\" class=\"scale-with-grid wp-post-image\" alt=\"\" \/><\/a><div class=\"image_links double\"><a class=\"zoom \"  rel=\"prettyphoto\" href=\"https:\/\/traductoracompulsiva.es\/wp-content\/uploads\/2025\/07\/digital-nomads-4875466_1280-1200x800.webp\"><svg viewBox=\"0 0 26 26\"><defs><style>.path{fill:none;stroke:#333;stroke-miterlimit:10;stroke-width:1.5px;}<\/style><\/defs><circle cx=\"11.35\" cy=\"11.35\" r=\"6\" class=\"path\"><\/circle><line x1=\"15.59\" y1=\"15.59\" x2=\"20.65\" y2=\"20.65\" class=\"path\"><\/line><\/svg><\/a><a class=\"link \"  href=\"https:\/\/traductoracompulsiva.es\/en\/uncategorized\/3-razones-encargar-traduccion-verano-850\/\"><svg viewBox=\"0 0 26 26\"><defs><style>.path{fill:none;stroke:#333;stroke-miterlimit:10;stroke-width:1.5px;}<\/style><\/defs><g><path d=\"M10.17,8.76l2.12-2.12a5,5,0,0,1,7.07,0h0a5,5,0,0,1,0,7.07l-2.12,2.12\" class=\"path\"><\/path><path d=\"M15.83,17.24l-2.12,2.12a5,5,0,0,1-7.07,0h0a5,5,0,0,1,0-7.07l2.12-2.12\" class=\"path\"><\/path><line x1=\"10.17\" y1=\"15.83\" x2=\"15.83\" y2=\"10.17\" class=\"path\"><\/line><\/g><\/svg><\/a><\/div><\/div><\/div><div class=\"post-desc-wrapper bg- has-custom-bg\" style=\"\"><div class=\"post-desc\"><div class=\"post-head\"><\/div><div class=\"post-title\"><h2 class=\"entry-title \" itemprop=\"headline\"><a href=\"https:\/\/traductoracompulsiva.es\/en\/uncategorized\/3-razones-encargar-traduccion-verano-850\/\">3 razones por las que encargar una traducci\u00f3n en verano<\/a><\/h2><\/div><div class=\"post-excerpt\">La \u00e9poca estival suele ser un momento muy tranquilo a nivel profesional: pocos correos electr\u00f3nicos, sacar adelante asuntos que solemos dejar pendientes para otro momento, balance<span class=\"excerpt-hellip\"> [\u2026]<\/span><\/div><div class=\"post-footer\"><div class=\"button-love\"><span class=\"love-text\">Do you like it?<\/span><\/div><div class=\"post-links\"><i class=\"icon-doc-text\" aria-hidden=\"true\"><\/i> <a href=\"https:\/\/traductoracompulsiva.es\/en\/uncategorized\/3-razones-encargar-traduccion-verano-850\/\" class=\"post-more\">Leer m\u00e1s<\/a><\/div><\/div><\/div><\/div><\/article><article class=\"post post-item isotope-item clearfix post-541 type-post status-publish format-standard has-post-thumbnail hentry category-uncategorized\" style=\"\"><div class=\"date_label\">December 5, 2024<\/div><div class=\"image_frame post-photo-wrapper scale-with-grid image\"><div class=\"image_wrapper\"><a href=\"https:\/\/traductoracompulsiva.es\/en\/uncategorized\/5-consejos-para-interpretar-a-distancia-y-no-morir-en-el-intento\/\"><div class=\"mask\"><\/div><img decoding=\"async\" width=\"768\" height=\"495\" src=\"https:\/\/traductoracompulsiva.es\/wp-content\/uploads\/2024\/12\/video-5059159_1920.webp\" class=\"scale-with-grid wp-post-image\" alt=\"\" srcset=\"https:\/\/traductoracompulsiva.es\/wp-content\/uploads\/2024\/12\/video-5059159_1920.webp 768w, https:\/\/traductoracompulsiva.es\/wp-content\/uploads\/2024\/12\/video-5059159_1920-500x322.webp 500w, https:\/\/traductoracompulsiva.es\/wp-content\/uploads\/2024\/12\/video-5059159_1920-300x193.webp 300w, https:\/\/traductoracompulsiva.es\/wp-content\/uploads\/2024\/12\/video-5059159_1920-116x75.webp 116w, https:\/\/traductoracompulsiva.es\/wp-content\/uploads\/2024\/12\/video-5059159_1920-480x309.webp 480w\" sizes=\"(max-width:767px) 480px, (max-width:768px) 100vw, 768px\" \/><\/a><div class=\"image_links double\"><a class=\"zoom \"  rel=\"prettyphoto\" href=\"https:\/\/traductoracompulsiva.es\/wp-content\/uploads\/2024\/12\/video-5059159_1920.webp\"><svg viewBox=\"0 0 26 26\"><defs><style>.path{fill:none;stroke:#333;stroke-miterlimit:10;stroke-width:1.5px;}<\/style><\/defs><circle cx=\"11.35\" cy=\"11.35\" r=\"6\" class=\"path\"><\/circle><line x1=\"15.59\" y1=\"15.59\" x2=\"20.65\" y2=\"20.65\" class=\"path\"><\/line><\/svg><\/a><a class=\"link \"  href=\"https:\/\/traductoracompulsiva.es\/en\/uncategorized\/5-consejos-para-interpretar-a-distancia-y-no-morir-en-el-intento\/\"><svg viewBox=\"0 0 26 26\"><defs><style>.path{fill:none;stroke:#333;stroke-miterlimit:10;stroke-width:1.5px;}<\/style><\/defs><g><path d=\"M10.17,8.76l2.12-2.12a5,5,0,0,1,7.07,0h0a5,5,0,0,1,0,7.07l-2.12,2.12\" class=\"path\"><\/path><path d=\"M15.83,17.24l-2.12,2.12a5,5,0,0,1-7.07,0h0a5,5,0,0,1,0-7.07l2.12-2.12\" class=\"path\"><\/path><line x1=\"10.17\" y1=\"15.83\" x2=\"15.83\" y2=\"10.17\" class=\"path\"><\/line><\/g><\/svg><\/a><\/div><\/div><\/div><div class=\"post-desc-wrapper bg- has-custom-bg\" style=\"\"><div class=\"post-desc\"><div class=\"post-head\"><\/div><div class=\"post-title\"><h2 class=\"entry-title \" itemprop=\"headline\"><a href=\"https:\/\/traductoracompulsiva.es\/en\/uncategorized\/5-consejos-para-interpretar-a-distancia-y-no-morir-en-el-intento\/\">5 consejos para interpretar a distancia y no morir en el intento<\/a><\/h2><\/div><div class=\"post-excerpt\">Durante los meses de noviembre y diciembre pasados tuve la suerte de poder trabajar como int\u00e9rprete franc\u00e9s-espa\u00f1ol para una instituci\u00f3n francesa que desarrolla actualmente un importante<span class=\"excerpt-hellip\"> [\u2026]<\/span><\/div><div class=\"post-footer\"><div class=\"button-love\"><span class=\"love-text\">Do you like it?<\/span><\/div><div class=\"post-links\"><i class=\"icon-doc-text\" aria-hidden=\"true\"><\/i> <a href=\"https:\/\/traductoracompulsiva.es\/en\/uncategorized\/5-consejos-para-interpretar-a-distancia-y-no-morir-en-el-intento\/\" class=\"post-more\">Leer m\u00e1s<\/a><\/div><\/div><\/div><\/div><\/article><article class=\"post post-item isotope-item clearfix post-529 type-post status-publish format-standard has-post-thumbnail hentry category-uncategorized\" style=\"\"><div class=\"date_label\">December 5, 2024<\/div><div class=\"image_frame post-photo-wrapper scale-with-grid image\"><div class=\"image_wrapper\"><a href=\"https:\/\/traductoracompulsiva.es\/en\/uncategorized\/dos-continentes-con-un-mismo-destino\/\"><div class=\"mask\"><\/div><img decoding=\"async\" width=\"960\" height=\"682\" src=\"https:\/\/traductoracompulsiva.es\/wp-content\/uploads\/2024\/12\/puerto-rico-879951_1920-960x682.webp\" class=\"scale-with-grid wp-post-image\" alt=\"\" \/><\/a><div class=\"image_links double\"><a class=\"zoom \"  rel=\"prettyphoto\" href=\"https:\/\/traductoracompulsiva.es\/wp-content\/uploads\/2024\/12\/puerto-rico-879951_1920.webp\"><svg viewBox=\"0 0 26 26\"><defs><style>.path{fill:none;stroke:#333;stroke-miterlimit:10;stroke-width:1.5px;}<\/style><\/defs><circle cx=\"11.35\" cy=\"11.35\" r=\"6\" class=\"path\"><\/circle><line x1=\"15.59\" y1=\"15.59\" x2=\"20.65\" y2=\"20.65\" class=\"path\"><\/line><\/svg><\/a><a class=\"link \"  href=\"https:\/\/traductoracompulsiva.es\/en\/uncategorized\/dos-continentes-con-un-mismo-destino\/\"><svg viewBox=\"0 0 26 26\"><defs><style>.path{fill:none;stroke:#333;stroke-miterlimit:10;stroke-width:1.5px;}<\/style><\/defs><g><path d=\"M10.17,8.76l2.12-2.12a5,5,0,0,1,7.07,0h0a5,5,0,0,1,0,7.07l-2.12,2.12\" class=\"path\"><\/path><path d=\"M15.83,17.24l-2.12,2.12a5,5,0,0,1-7.07,0h0a5,5,0,0,1,0-7.07l2.12-2.12\" class=\"path\"><\/path><line x1=\"10.17\" y1=\"15.83\" x2=\"15.83\" y2=\"10.17\" class=\"path\"><\/line><\/g><\/svg><\/a><\/div><\/div><\/div><div class=\"post-desc-wrapper bg- has-custom-bg\" style=\"\"><div class=\"post-desc\"><div class=\"post-head\"><\/div><div class=\"post-title\"><h2 class=\"entry-title \" itemprop=\"headline\"><a href=\"https:\/\/traductoracompulsiva.es\/en\/uncategorized\/dos-continentes-con-un-mismo-destino\/\">Dos continentes con un mismo destino<\/a><\/h2><\/div><div class=\"post-excerpt\">Nada me salva de la quema\u2026 Hace casi un a\u00f1o que no escribo nada en el blog y no podr\u00eda estar m\u00e1s arrepentida para con los<span class=\"excerpt-hellip\"> [\u2026]<\/span><\/div><div class=\"post-footer\"><div class=\"button-love\"><span class=\"love-text\">Do you like it?<\/span><\/div><div class=\"post-links\"><i class=\"icon-doc-text\" aria-hidden=\"true\"><\/i> <a href=\"https:\/\/traductoracompulsiva.es\/en\/uncategorized\/dos-continentes-con-un-mismo-destino\/\" class=\"post-more\">Leer m\u00e1s<\/a><\/div><\/div><\/div><\/div><\/article><article class=\"post post-item isotope-item clearfix post-517 type-post status-publish format-standard has-post-thumbnail hentry category-uncategorized\" style=\"\"><div class=\"date_label\">December 5, 2024<\/div><div class=\"image_frame post-photo-wrapper scale-with-grid image\"><div class=\"image_wrapper\"><a href=\"https:\/\/traductoracompulsiva.es\/en\/uncategorized\/de-cuando-francia-era-corneta\/\"><div class=\"mask\"><\/div><img loading=\"lazy\" decoding=\"async\" width=\"960\" height=\"515\" src=\"https:\/\/traductoracompulsiva.es\/wp-content\/uploads\/2024\/11\/honfleur-66672_1920-960x515.webp\" class=\"scale-with-grid wp-post-image\" alt=\"\" \/><\/a><div class=\"image_links double\"><a class=\"zoom \"  rel=\"prettyphoto\" href=\"https:\/\/traductoracompulsiva.es\/wp-content\/uploads\/2024\/11\/honfleur-66672_1920.webp\"><svg viewBox=\"0 0 26 26\"><defs><style>.path{fill:none;stroke:#333;stroke-miterlimit:10;stroke-width:1.5px;}<\/style><\/defs><circle cx=\"11.35\" cy=\"11.35\" r=\"6\" class=\"path\"><\/circle><line x1=\"15.59\" y1=\"15.59\" x2=\"20.65\" y2=\"20.65\" class=\"path\"><\/line><\/svg><\/a><a class=\"link \"  href=\"https:\/\/traductoracompulsiva.es\/en\/uncategorized\/de-cuando-francia-era-corneta\/\"><svg viewBox=\"0 0 26 26\"><defs><style>.path{fill:none;stroke:#333;stroke-miterlimit:10;stroke-width:1.5px;}<\/style><\/defs><g><path d=\"M10.17,8.76l2.12-2.12a5,5,0,0,1,7.07,0h0a5,5,0,0,1,0,7.07l-2.12,2.12\" class=\"path\"><\/path><path d=\"M15.83,17.24l-2.12,2.12a5,5,0,0,1-7.07,0h0a5,5,0,0,1,0-7.07l2.12-2.12\" class=\"path\"><\/path><line x1=\"10.17\" y1=\"15.83\" x2=\"15.83\" y2=\"10.17\" class=\"path\"><\/line><\/g><\/svg><\/a><\/div><\/div><\/div><div class=\"post-desc-wrapper bg- has-custom-bg\" style=\"\"><div class=\"post-desc\"><div class=\"post-head\"><\/div><div class=\"post-title\"><h2 class=\"entry-title \" itemprop=\"headline\"><a href=\"https:\/\/traductoracompulsiva.es\/en\/uncategorized\/de-cuando-francia-era-corneta\/\">De cuando Francia era corneta<\/a><\/h2><\/div><div class=\"post-excerpt\">Me encantan los dichos y las frases hechas. No s\u00e9 por qu\u00e9, pero me chiflan. Hace m\u00e1s de dos a\u00f1os que no escribo nada en el<span class=\"excerpt-hellip\"> [\u2026]<\/span><\/div><div class=\"post-footer\"><div class=\"button-love\"><span class=\"love-text\">Do you like it?<\/span><\/div><div class=\"post-links\"><i class=\"icon-doc-text\" aria-hidden=\"true\"><\/i> <a href=\"https:\/\/traductoracompulsiva.es\/en\/uncategorized\/de-cuando-francia-era-corneta\/\" class=\"post-more\">Leer m\u00e1s<\/a><\/div><\/div><\/div><\/div><\/article><\/div><\/div>\n<\/div>\n\t\t\t\t<\/div>\n\t\t\t\t<\/div>\n\t\t\t\t\t<\/div>\n\t\t<\/div>\n\t\t\t\t\t<\/div>\n\t\t<\/section>\n\t\t<div class=\"elementor-element elementor-element-860406f e-flex e-con-boxed e-con e-parent\" data-id=\"860406f\" data-element_type=\"container\" data-e-type=\"container\">\n\t\t\t\t\t<div class=\"e-con-inner\">\n\t\t\t\t\t<\/div>\n\t\t\t\t<\/div>\n\t\t\t\t<\/div>\n\t\t","protected":false},"excerpt":{"rendered":"<p>Blog julio 25, 2025 3 razones por las que encargar una traducci\u00f3n en verano La \u00e9poca estival suele ser un momento muy tranquilo a nivel profesional:<span class=\"excerpt-hellip\"> [\u2026]<\/span><\/p>\n","protected":false},"author":1,"featured_media":0,"parent":0,"menu_order":0,"comment_status":"open","ping_status":"closed","template":"","meta":{"footnotes":""},"class_list":["post-212","page","type-page","status-publish","hentry"],"yoast_head":"<!-- This site is optimized with the Yoast SEO plugin v26.8 - https:\/\/yoast.com\/product\/yoast-seo-wordpress\/ -->\n<title>Blog de traducci\u00f3n e interpretaci\u00f3n<\/title>\n<meta name=\"description\" content=\"Blog de traducci\u00f3n e interpretaci\u00f3n con art\u00edculos, recursos y consejos sobre traducci\u00f3n profesional y el sector ling\u00fc\u00edstico.\" \/>\n<meta name=\"robots\" content=\"index, follow, max-snippet:-1, max-image-preview:large, max-video-preview:-1\" \/>\n<link rel=\"canonical\" href=\"https:\/\/traductoracompulsiva.es\/en\/blog\/\" \/>\n<meta property=\"og:locale\" content=\"en_US\" \/>\n<meta property=\"og:type\" content=\"article\" \/>\n<meta property=\"og:title\" content=\"Blog de traducci\u00f3n e interpretaci\u00f3n\" \/>\n<meta property=\"og:description\" content=\"Blog de traducci\u00f3n e interpretaci\u00f3n con art\u00edculos, recursos y consejos sobre traducci\u00f3n profesional y el sector ling\u00fc\u00edstico.\" \/>\n<meta property=\"og:url\" content=\"https:\/\/traductoracompulsiva.es\/en\/blog\/\" \/>\n<meta property=\"og:site_name\" content=\"TRADUCTORA COMPULSIVA\" \/>\n<meta property=\"article:modified_time\" content=\"2025-12-24T17:10:59+00:00\" \/>\n<meta property=\"og:image\" content=\"https:\/\/traductoracompulsiva.es\/wp-content\/uploads\/2025\/07\/digital-nomads-4875466_1280-960x720.webp\" \/>\n<meta name=\"twitter:card\" content=\"summary_large_image\" \/>\n<meta name=\"twitter:label1\" content=\"Est. reading time\" \/>\n\t<meta name=\"twitter:data1\" content=\"3 minutes\" \/>\n<script type=\"application\/ld+json\" class=\"yoast-schema-graph\">{\"@context\":\"https:\/\/schema.org\",\"@graph\":[{\"@type\":\"WebPage\",\"@id\":\"https:\/\/traductoracompulsiva.es\/blog\/\",\"url\":\"https:\/\/traductoracompulsiva.es\/blog\/\",\"name\":\"Blog de traducci\u00f3n e interpretaci\u00f3n\",\"isPartOf\":{\"@id\":\"https:\/\/traductoracompulsiva.es\/#website\"},\"primaryImageOfPage\":{\"@id\":\"https:\/\/traductoracompulsiva.es\/blog\/#primaryimage\"},\"image\":{\"@id\":\"https:\/\/traductoracompulsiva.es\/blog\/#primaryimage\"},\"thumbnailUrl\":\"https:\/\/traductoracompulsiva.es\/wp-content\/uploads\/2025\/07\/digital-nomads-4875466_1280-960x720.webp\",\"datePublished\":\"2020-07-09T09:52:47+00:00\",\"dateModified\":\"2025-12-24T17:10:59+00:00\",\"description\":\"Blog de traducci\u00f3n e interpretaci\u00f3n con art\u00edculos, recursos y consejos sobre traducci\u00f3n profesional y el sector ling\u00fc\u00edstico.\",\"breadcrumb\":{\"@id\":\"https:\/\/traductoracompulsiva.es\/blog\/#breadcrumb\"},\"inLanguage\":\"en-US\",\"potentialAction\":[{\"@type\":\"ReadAction\",\"target\":[\"https:\/\/traductoracompulsiva.es\/blog\/\"]}]},{\"@type\":\"ImageObject\",\"inLanguage\":\"en-US\",\"@id\":\"https:\/\/traductoracompulsiva.es\/blog\/#primaryimage\",\"url\":\"https:\/\/traductoracompulsiva.es\/wp-content\/uploads\/2025\/07\/digital-nomads-4875466_1280-960x720.webp\",\"contentUrl\":\"https:\/\/traductoracompulsiva.es\/wp-content\/uploads\/2025\/07\/digital-nomads-4875466_1280-960x720.webp\"},{\"@type\":\"BreadcrumbList\",\"@id\":\"https:\/\/traductoracompulsiva.es\/blog\/#breadcrumb\",\"itemListElement\":[{\"@type\":\"ListItem\",\"position\":1,\"name\":\"Portada\",\"item\":\"https:\/\/traductoracompulsiva.es\/\"},{\"@type\":\"ListItem\",\"position\":2,\"name\":\"Blog\"}]},{\"@type\":\"WebSite\",\"@id\":\"https:\/\/traductoracompulsiva.es\/#website\",\"url\":\"https:\/\/traductoracompulsiva.es\/\",\"name\":\"TRADUCTORA COMPULSIVA\",\"description\":\"Proyectos ling\u00fc\u00edstico hablados con amor\",\"publisher\":{\"@id\":\"https:\/\/traductoracompulsiva.es\/#organization\"},\"potentialAction\":[{\"@type\":\"SearchAction\",\"target\":{\"@type\":\"EntryPoint\",\"urlTemplate\":\"https:\/\/traductoracompulsiva.es\/?s={search_term_string}\"},\"query-input\":{\"@type\":\"PropertyValueSpecification\",\"valueRequired\":true,\"valueName\":\"search_term_string\"}}],\"inLanguage\":\"en-US\"},{\"@type\":\"Organization\",\"@id\":\"https:\/\/traductoracompulsiva.es\/#organization\",\"name\":\"TRADUCTORA COMPULSIVA\",\"url\":\"https:\/\/traductoracompulsiva.es\/\",\"logo\":{\"@type\":\"ImageObject\",\"inLanguage\":\"en-US\",\"@id\":\"https:\/\/traductoracompulsiva.es\/#\/schema\/logo\/image\/\",\"url\":\"https:\/\/traductoracompulsiva.es\/wp-content\/uploads\/2024\/11\/Logo-LTC_Verde-simple_Recortado.png\",\"contentUrl\":\"https:\/\/traductoracompulsiva.es\/wp-content\/uploads\/2024\/11\/Logo-LTC_Verde-simple_Recortado.png\",\"width\":428,\"height\":428,\"caption\":\"TRADUCTORA COMPULSIVA\"},\"image\":{\"@id\":\"https:\/\/traductoracompulsiva.es\/#\/schema\/logo\/image\/\"}}]}<\/script>\n<!-- \/ Yoast SEO plugin. -->","yoast_head_json":{"title":"Blog de traducci\u00f3n e interpretaci\u00f3n","description":"Blog de traducci\u00f3n e interpretaci\u00f3n con art\u00edculos, recursos y consejos sobre traducci\u00f3n profesional y el sector ling\u00fc\u00edstico.","robots":{"index":"index","follow":"follow","max-snippet":"max-snippet:-1","max-image-preview":"max-image-preview:large","max-video-preview":"max-video-preview:-1"},"canonical":"https:\/\/traductoracompulsiva.es\/en\/blog\/","og_locale":"en_US","og_type":"article","og_title":"Blog de traducci\u00f3n e interpretaci\u00f3n","og_description":"Blog de traducci\u00f3n e interpretaci\u00f3n con art\u00edculos, recursos y consejos sobre traducci\u00f3n profesional y el sector ling\u00fc\u00edstico.","og_url":"https:\/\/traductoracompulsiva.es\/en\/blog\/","og_site_name":"TRADUCTORA COMPULSIVA","article_modified_time":"2025-12-24T17:10:59+00:00","og_image":[{"url":"https:\/\/traductoracompulsiva.es\/wp-content\/uploads\/2025\/07\/digital-nomads-4875466_1280-960x720.webp","type":"","width":"","height":""}],"twitter_card":"summary_large_image","twitter_misc":{"Est. reading time":"3 minutes"},"schema":{"@context":"https:\/\/schema.org","@graph":[{"@type":"WebPage","@id":"https:\/\/traductoracompulsiva.es\/blog\/","url":"https:\/\/traductoracompulsiva.es\/blog\/","name":"Blog de traducci\u00f3n e interpretaci\u00f3n","isPartOf":{"@id":"https:\/\/traductoracompulsiva.es\/#website"},"primaryImageOfPage":{"@id":"https:\/\/traductoracompulsiva.es\/blog\/#primaryimage"},"image":{"@id":"https:\/\/traductoracompulsiva.es\/blog\/#primaryimage"},"thumbnailUrl":"https:\/\/traductoracompulsiva.es\/wp-content\/uploads\/2025\/07\/digital-nomads-4875466_1280-960x720.webp","datePublished":"2020-07-09T09:52:47+00:00","dateModified":"2025-12-24T17:10:59+00:00","description":"Blog de traducci\u00f3n e interpretaci\u00f3n con art\u00edculos, recursos y consejos sobre traducci\u00f3n profesional y el sector ling\u00fc\u00edstico.","breadcrumb":{"@id":"https:\/\/traductoracompulsiva.es\/blog\/#breadcrumb"},"inLanguage":"en-US","potentialAction":[{"@type":"ReadAction","target":["https:\/\/traductoracompulsiva.es\/blog\/"]}]},{"@type":"ImageObject","inLanguage":"en-US","@id":"https:\/\/traductoracompulsiva.es\/blog\/#primaryimage","url":"https:\/\/traductoracompulsiva.es\/wp-content\/uploads\/2025\/07\/digital-nomads-4875466_1280-960x720.webp","contentUrl":"https:\/\/traductoracompulsiva.es\/wp-content\/uploads\/2025\/07\/digital-nomads-4875466_1280-960x720.webp"},{"@type":"BreadcrumbList","@id":"https:\/\/traductoracompulsiva.es\/blog\/#breadcrumb","itemListElement":[{"@type":"ListItem","position":1,"name":"Portada","item":"https:\/\/traductoracompulsiva.es\/"},{"@type":"ListItem","position":2,"name":"Blog"}]},{"@type":"WebSite","@id":"https:\/\/traductoracompulsiva.es\/#website","url":"https:\/\/traductoracompulsiva.es\/","name":"TRADUCTORA COMPULSIVA","description":"Proyectos ling\u00fc\u00edstico hablados con amor","publisher":{"@id":"https:\/\/traductoracompulsiva.es\/#organization"},"potentialAction":[{"@type":"SearchAction","target":{"@type":"EntryPoint","urlTemplate":"https:\/\/traductoracompulsiva.es\/?s={search_term_string}"},"query-input":{"@type":"PropertyValueSpecification","valueRequired":true,"valueName":"search_term_string"}}],"inLanguage":"en-US"},{"@type":"Organization","@id":"https:\/\/traductoracompulsiva.es\/#organization","name":"TRADUCTORA COMPULSIVA","url":"https:\/\/traductoracompulsiva.es\/","logo":{"@type":"ImageObject","inLanguage":"en-US","@id":"https:\/\/traductoracompulsiva.es\/#\/schema\/logo\/image\/","url":"https:\/\/traductoracompulsiva.es\/wp-content\/uploads\/2024\/11\/Logo-LTC_Verde-simple_Recortado.png","contentUrl":"https:\/\/traductoracompulsiva.es\/wp-content\/uploads\/2024\/11\/Logo-LTC_Verde-simple_Recortado.png","width":428,"height":428,"caption":"TRADUCTORA COMPULSIVA"},"image":{"@id":"https:\/\/traductoracompulsiva.es\/#\/schema\/logo\/image\/"}}]}},"_links":{"self":[{"href":"https:\/\/traductoracompulsiva.es\/en\/wp-json\/wp\/v2\/pages\/212","targetHints":{"allow":["GET"]}}],"collection":[{"href":"https:\/\/traductoracompulsiva.es\/en\/wp-json\/wp\/v2\/pages"}],"about":[{"href":"https:\/\/traductoracompulsiva.es\/en\/wp-json\/wp\/v2\/types\/page"}],"author":[{"embeddable":true,"href":"https:\/\/traductoracompulsiva.es\/en\/wp-json\/wp\/v2\/users\/1"}],"replies":[{"embeddable":true,"href":"https:\/\/traductoracompulsiva.es\/en\/wp-json\/wp\/v2\/comments?post=212"}],"version-history":[{"count":37,"href":"https:\/\/traductoracompulsiva.es\/en\/wp-json\/wp\/v2\/pages\/212\/revisions"}],"predecessor-version":[{"id":894,"href":"https:\/\/traductoracompulsiva.es\/en\/wp-json\/wp\/v2\/pages\/212\/revisions\/894"}],"wp:attachment":[{"href":"https:\/\/traductoracompulsiva.es\/en\/wp-json\/wp\/v2\/media?parent=212"}],"curies":[{"name":"wp","href":"https:\/\/api.w.org\/{rel}","templated":true}]}}