{"id":558,"date":"2025-02-10T15:27:40","date_gmt":"2025-02-10T15:27:40","guid":{"rendered":"https:\/\/traductoracompulsiva.es\/?page_id=558"},"modified":"2025-02-10T15:27:41","modified_gmt":"2025-02-10T15:27:41","slug":"politica-de-privacidad-2","status":"publish","type":"page","link":"https:\/\/traductoracompulsiva.es\/fr\/politica-de-privacidad-2\/","title":{"rendered":"Politique de confidentialit\u00e9"},"content":{"rendered":"<p><\/p>\n\n\n\n<p><\/p>","protected":false},"excerpt":{"rendered":"","protected":false},"author":1,"featured_media":0,"parent":0,"menu_order":0,"comment_status":"closed","ping_status":"closed","template":"","meta":{"footnotes":""},"class_list":["post-558","page","type-page","status-publish","hentry"],"yoast_head":"<!-- This site is optimized with the Yoast SEO plugin v26.8 - https:\/\/yoast.com\/product\/yoast-seo-wordpress\/ -->\n<title>Pol\u00edtica de Privacidad - TRADUCTORA COMPULSIVA<\/title>\n<meta name=\"description\" content=\"Traductora Compulsiva: Servicios de traducci\u00f3n profesional de ingl\u00e9s y franc\u00e9s a espa\u00f1ol. Especialista en correcci\u00f3n de textos, transcreaci\u00f3n, y transcripci\u00f3n. Convierte tus palabras en mensajes claros y efectivos.\" \/>\n<meta name=\"robots\" content=\"index, follow, max-snippet:-1, max-image-preview:large, max-video-preview:-1\" \/>\n<link rel=\"canonical\" href=\"https:\/\/traductoracompulsiva.es\/fr\/politica-de-privacidad-2\/\" \/>\n<meta property=\"og:locale\" content=\"fr_FR\" \/>\n<meta property=\"og:type\" content=\"article\" \/>\n<meta property=\"og:title\" content=\"Pol\u00edtica de Privacidad - TRADUCTORA COMPULSIVA\" \/>\n<meta property=\"og:description\" content=\"Traductora Compulsiva: Servicios de traducci\u00f3n profesional de ingl\u00e9s y franc\u00e9s a espa\u00f1ol. Especialista en correcci\u00f3n de textos, transcreaci\u00f3n, y transcripci\u00f3n. Convierte tus palabras en mensajes claros y efectivos.\" \/>\n<meta property=\"og:url\" content=\"https:\/\/traductoracompulsiva.es\/fr\/politica-de-privacidad-2\/\" \/>\n<meta property=\"og:site_name\" content=\"TRADUCTORA COMPULSIVA\" \/>\n<meta property=\"article:modified_time\" content=\"2025-02-10T15:27:41+00:00\" \/>\n<meta name=\"twitter:card\" content=\"summary_large_image\" \/>\n<script type=\"application\/ld+json\" class=\"yoast-schema-graph\">{\"@context\":\"https:\/\/schema.org\",\"@graph\":[{\"@type\":\"WebPage\",\"@id\":\"https:\/\/traductoracompulsiva.es\/politica-de-privacidad-2\/\",\"url\":\"https:\/\/traductoracompulsiva.es\/politica-de-privacidad-2\/\",\"name\":\"Pol\u00edtica de Privacidad - TRADUCTORA COMPULSIVA\",\"isPartOf\":{\"@id\":\"https:\/\/traductoracompulsiva.es\/#website\"},\"datePublished\":\"2025-02-10T15:27:40+00:00\",\"dateModified\":\"2025-02-10T15:27:41+00:00\",\"description\":\"Traductora Compulsiva: Servicios de traducci\u00f3n profesional de ingl\u00e9s y franc\u00e9s a espa\u00f1ol. Especialista en correcci\u00f3n de textos, transcreaci\u00f3n, y transcripci\u00f3n. Convierte tus palabras en mensajes claros y efectivos.\",\"breadcrumb\":{\"@id\":\"https:\/\/traductoracompulsiva.es\/politica-de-privacidad-2\/#breadcrumb\"},\"inLanguage\":\"fr-FR\",\"potentialAction\":[{\"@type\":\"ReadAction\",\"target\":[\"https:\/\/traductoracompulsiva.es\/politica-de-privacidad-2\/\"]}]},{\"@type\":\"BreadcrumbList\",\"@id\":\"https:\/\/traductoracompulsiva.es\/politica-de-privacidad-2\/#breadcrumb\",\"itemListElement\":[{\"@type\":\"ListItem\",\"position\":1,\"name\":\"Portada\",\"item\":\"https:\/\/traductoracompulsiva.es\/\"},{\"@type\":\"ListItem\",\"position\":2,\"name\":\"Pol\u00edtica de Privacidad\"}]},{\"@type\":\"WebSite\",\"@id\":\"https:\/\/traductoracompulsiva.es\/#website\",\"url\":\"https:\/\/traductoracompulsiva.es\/\",\"name\":\"TRADUCTORA COMPULSIVA\",\"description\":\"Proyectos ling\u00fc\u00edstico hablados con amor\",\"publisher\":{\"@id\":\"https:\/\/traductoracompulsiva.es\/#organization\"},\"potentialAction\":[{\"@type\":\"SearchAction\",\"target\":{\"@type\":\"EntryPoint\",\"urlTemplate\":\"https:\/\/traductoracompulsiva.es\/?s={search_term_string}\"},\"query-input\":{\"@type\":\"PropertyValueSpecification\",\"valueRequired\":true,\"valueName\":\"search_term_string\"}}],\"inLanguage\":\"fr-FR\"},{\"@type\":\"Organization\",\"@id\":\"https:\/\/traductoracompulsiva.es\/#organization\",\"name\":\"TRADUCTORA COMPULSIVA\",\"url\":\"https:\/\/traductoracompulsiva.es\/\",\"logo\":{\"@type\":\"ImageObject\",\"inLanguage\":\"fr-FR\",\"@id\":\"https:\/\/traductoracompulsiva.es\/#\/schema\/logo\/image\/\",\"url\":\"https:\/\/traductoracompulsiva.es\/wp-content\/uploads\/2024\/11\/Logo-LTC_Verde-simple_Recortado.png\",\"contentUrl\":\"https:\/\/traductoracompulsiva.es\/wp-content\/uploads\/2024\/11\/Logo-LTC_Verde-simple_Recortado.png\",\"width\":428,\"height\":428,\"caption\":\"TRADUCTORA COMPULSIVA\"},\"image\":{\"@id\":\"https:\/\/traductoracompulsiva.es\/#\/schema\/logo\/image\/\"}}]}<\/script>\n<!-- \/ Yoast SEO plugin. -->","yoast_head_json":{"title":"Pol\u00edtica de Privacidad - TRADUCTORA COMPULSIVA","description":"Traductora Compulsiva: Servicios de traducci\u00f3n profesional de ingl\u00e9s y franc\u00e9s a espa\u00f1ol. Especialista en correcci\u00f3n de textos, transcreaci\u00f3n, y transcripci\u00f3n. Convierte tus palabras en mensajes claros y efectivos.","robots":{"index":"index","follow":"follow","max-snippet":"max-snippet:-1","max-image-preview":"max-image-preview:large","max-video-preview":"max-video-preview:-1"},"canonical":"https:\/\/traductoracompulsiva.es\/fr\/politica-de-privacidad-2\/","og_locale":"fr_FR","og_type":"article","og_title":"Pol\u00edtica de Privacidad - TRADUCTORA COMPULSIVA","og_description":"Traductora Compulsiva: Servicios de traducci\u00f3n profesional de ingl\u00e9s y franc\u00e9s a espa\u00f1ol. Especialista en correcci\u00f3n de textos, transcreaci\u00f3n, y transcripci\u00f3n. Convierte tus palabras en mensajes claros y efectivos.","og_url":"https:\/\/traductoracompulsiva.es\/fr\/politica-de-privacidad-2\/","og_site_name":"TRADUCTORA COMPULSIVA","article_modified_time":"2025-02-10T15:27:41+00:00","twitter_card":"summary_large_image","schema":{"@context":"https:\/\/schema.org","@graph":[{"@type":"WebPage","@id":"https:\/\/traductoracompulsiva.es\/politica-de-privacidad-2\/","url":"https:\/\/traductoracompulsiva.es\/politica-de-privacidad-2\/","name":"Pol\u00edtica de Privacidad - TRADUCTORA COMPULSIVA","isPartOf":{"@id":"https:\/\/traductoracompulsiva.es\/#website"},"datePublished":"2025-02-10T15:27:40+00:00","dateModified":"2025-02-10T15:27:41+00:00","description":"Traductora Compulsiva: Servicios de traducci\u00f3n profesional de ingl\u00e9s y franc\u00e9s a espa\u00f1ol. Especialista en correcci\u00f3n de textos, transcreaci\u00f3n, y transcripci\u00f3n. Convierte tus palabras en mensajes claros y efectivos.","breadcrumb":{"@id":"https:\/\/traductoracompulsiva.es\/politica-de-privacidad-2\/#breadcrumb"},"inLanguage":"fr-FR","potentialAction":[{"@type":"ReadAction","target":["https:\/\/traductoracompulsiva.es\/politica-de-privacidad-2\/"]}]},{"@type":"BreadcrumbList","@id":"https:\/\/traductoracompulsiva.es\/politica-de-privacidad-2\/#breadcrumb","itemListElement":[{"@type":"ListItem","position":1,"name":"Portada","item":"https:\/\/traductoracompulsiva.es\/"},{"@type":"ListItem","position":2,"name":"Pol\u00edtica de Privacidad"}]},{"@type":"WebSite","@id":"https:\/\/traductoracompulsiva.es\/#website","url":"https:\/\/traductoracompulsiva.es\/","name":"TRADUCTORA COMPULSIVA","description":"Proyectos ling\u00fc\u00edstico hablados con amor","publisher":{"@id":"https:\/\/traductoracompulsiva.es\/#organization"},"potentialAction":[{"@type":"SearchAction","target":{"@type":"EntryPoint","urlTemplate":"https:\/\/traductoracompulsiva.es\/?s={search_term_string}"},"query-input":{"@type":"PropertyValueSpecification","valueRequired":true,"valueName":"search_term_string"}}],"inLanguage":"fr-FR"},{"@type":"Organization","@id":"https:\/\/traductoracompulsiva.es\/#organization","name":"TRADUCTORA COMPULSIVA","url":"https:\/\/traductoracompulsiva.es\/","logo":{"@type":"ImageObject","inLanguage":"fr-FR","@id":"https:\/\/traductoracompulsiva.es\/#\/schema\/logo\/image\/","url":"https:\/\/traductoracompulsiva.es\/wp-content\/uploads\/2024\/11\/Logo-LTC_Verde-simple_Recortado.png","contentUrl":"https:\/\/traductoracompulsiva.es\/wp-content\/uploads\/2024\/11\/Logo-LTC_Verde-simple_Recortado.png","width":428,"height":428,"caption":"TRADUCTORA COMPULSIVA"},"image":{"@id":"https:\/\/traductoracompulsiva.es\/#\/schema\/logo\/image\/"}}]}},"_links":{"self":[{"href":"https:\/\/traductoracompulsiva.es\/fr\/wp-json\/wp\/v2\/pages\/558","targetHints":{"allow":["GET"]}}],"collection":[{"href":"https:\/\/traductoracompulsiva.es\/fr\/wp-json\/wp\/v2\/pages"}],"about":[{"href":"https:\/\/traductoracompulsiva.es\/fr\/wp-json\/wp\/v2\/types\/page"}],"author":[{"embeddable":true,"href":"https:\/\/traductoracompulsiva.es\/fr\/wp-json\/wp\/v2\/users\/1"}],"replies":[{"embeddable":true,"href":"https:\/\/traductoracompulsiva.es\/fr\/wp-json\/wp\/v2\/comments?post=558"}],"version-history":[{"count":1,"href":"https:\/\/traductoracompulsiva.es\/fr\/wp-json\/wp\/v2\/pages\/558\/revisions"}],"predecessor-version":[{"id":559,"href":"https:\/\/traductoracompulsiva.es\/fr\/wp-json\/wp\/v2\/pages\/558\/revisions\/559"}],"wp:attachment":[{"href":"https:\/\/traductoracompulsiva.es\/fr\/wp-json\/wp\/v2\/media?parent=558"}],"curies":[{"name":"wp","href":"https:\/\/api.w.org\/{rel}","templated":true}]}}