{"id":566,"date":"2025-02-10T16:07:37","date_gmt":"2025-02-10T16:07:37","guid":{"rendered":"https:\/\/traductoracompulsiva.es\/?page_id=566"},"modified":"2025-12-24T16:03:47","modified_gmt":"2025-12-24T16:03:47","slug":"fr-quien-soy","status":"publish","type":"page","link":"https:\/\/traductoracompulsiva.es\/fr\/fr-quien-soy\/","title":{"rendered":"FR-Qui\u00e9n soy"},"content":{"rendered":"<div data-elementor-type=\"wp-page\" data-elementor-id=\"566\" class=\"elementor elementor-566\">\n\t\t\t\t\t\t<section class=\"elementor-section elementor-top-section elementor-element elementor-element-7ff7c22 elementor-section-stretched elementor-section-full_width elementor-section-content-middle elementor-section-height-default elementor-section-height-default\" data-id=\"7ff7c22\" data-element_type=\"section\" data-e-type=\"section\" data-settings=\"{&quot;stretch_section&quot;:&quot;section-stretched&quot;,&quot;background_background&quot;:&quot;classic&quot;}\">\n\t\t\t\t\t\t<div class=\"elementor-container elementor-column-gap-wider\">\n\t\t\t\t\t<div class=\"elementor-column elementor-col-33 elementor-top-column elementor-element elementor-element-cb4119c\" data-id=\"cb4119c\" data-element_type=\"column\" data-e-type=\"column\">\n\t\t\t<div class=\"elementor-widget-wrap elementor-element-populated\">\n\t\t\t\t\t\t<div class=\"elementor-element elementor-element-b5c97e0 elementor-widget-divider--view-line elementor-widget elementor-widget-divider\" data-id=\"b5c97e0\" data-element_type=\"widget\" data-e-type=\"widget\" data-widget_type=\"divider.default\">\n\t\t\t\t<div class=\"elementor-widget-container\">\n\t\t\t\t\t\t\t<div class=\"elementor-divider\">\n\t\t\t<span class=\"elementor-divider-separator\">\n\t\t\t\t\t\t<\/span>\n\t\t<\/div>\n\t\t\t\t\t\t<\/div>\n\t\t\t\t<\/div>\n\t\t\t\t\t<\/div>\n\t\t<\/div>\n\t\t\t\t<div class=\"elementor-column elementor-col-33 elementor-top-column elementor-element elementor-element-7f9ec80\" data-id=\"7f9ec80\" data-element_type=\"column\" data-e-type=\"column\">\n\t\t\t<div class=\"elementor-widget-wrap elementor-element-populated\">\n\t\t\t\t\t\t<div class=\"elementor-element elementor-element-d915e82 elementor-widget elementor-widget-text-editor\" data-id=\"d915e82\" data-element_type=\"widget\" data-e-type=\"widget\" data-widget_type=\"text-editor.default\">\n\t\t\t\t<div class=\"elementor-widget-container\">\n\t\t\t\t\t\t\t\t\t<h2>Qui suis-je ?<\/h2>\t\t\t\t\t\t\t\t<\/div>\n\t\t\t\t<\/div>\n\t\t\t\t\t<\/div>\n\t\t<\/div>\n\t\t\t\t<div class=\"elementor-column elementor-col-33 elementor-top-column elementor-element elementor-element-bacc303\" data-id=\"bacc303\" data-element_type=\"column\" data-e-type=\"column\">\n\t\t\t<div class=\"elementor-widget-wrap elementor-element-populated\">\n\t\t\t\t\t\t<div class=\"elementor-element elementor-element-391420b elementor-widget-divider--view-line elementor-widget elementor-widget-divider\" data-id=\"391420b\" data-element_type=\"widget\" data-e-type=\"widget\" data-widget_type=\"divider.default\">\n\t\t\t\t<div class=\"elementor-widget-container\">\n\t\t\t\t\t\t\t<div class=\"elementor-divider\">\n\t\t\t<span class=\"elementor-divider-separator\">\n\t\t\t\t\t\t<\/span>\n\t\t<\/div>\n\t\t\t\t\t\t<\/div>\n\t\t\t\t<\/div>\n\t\t\t\t\t<\/div>\n\t\t<\/div>\n\t\t\t\t\t<\/div>\n\t\t<\/section>\n\t\t\t\t<section class=\"elementor-section elementor-top-section elementor-element elementor-element-317a85f elementor-section-stretched elementor-section-boxed elementor-section-height-default elementor-section-height-default\" data-id=\"317a85f\" data-element_type=\"section\" data-e-type=\"section\" data-settings=\"{&quot;stretch_section&quot;:&quot;section-stretched&quot;,&quot;background_background&quot;:&quot;classic&quot;}\">\n\t\t\t\t\t\t<div class=\"elementor-container elementor-column-gap-wider\">\n\t\t\t\t\t<div class=\"elementor-column elementor-col-100 elementor-top-column elementor-element elementor-element-b58a5f0\" data-id=\"b58a5f0\" data-element_type=\"column\" data-e-type=\"column\">\n\t\t\t<div class=\"elementor-widget-wrap elementor-element-populated\">\n\t\t\t\t\t\t<section class=\"elementor-section elementor-inner-section elementor-element elementor-element-6c3cff4 elementor-section-boxed elementor-section-height-default elementor-section-height-default\" data-id=\"6c3cff4\" data-element_type=\"section\" data-e-type=\"section\">\n\t\t\t\t\t\t<div class=\"elementor-container elementor-column-gap-default\">\n\t\t\t\t\t<div class=\"elementor-column elementor-col-100 elementor-inner-column elementor-element elementor-element-3f34921\" data-id=\"3f34921\" data-element_type=\"column\" data-e-type=\"column\">\n\t\t\t<div class=\"elementor-widget-wrap elementor-element-populated\">\n\t\t\t\t\t\t<div class=\"elementor-element elementor-element-2ef63b1 elementor-widget elementor-widget-text-editor\" data-id=\"2ef63b1\" data-element_type=\"widget\" data-e-type=\"widget\" data-widget_type=\"text-editor.default\">\n\t\t\t\t<div class=\"elementor-widget-container\">\n\t\t\t\t\t\t\t\t\t<h3>\u00a1HI! Soy Paula y<\/h3><h4>traductrice depuis 2019<\/h4>\t\t\t\t\t\t\t\t<\/div>\n\t\t\t\t<\/div>\n\t\t\t\t<div class=\"elementor-element elementor-element-47e16d4 elementor-widget elementor-widget-image\" data-id=\"47e16d4\" data-element_type=\"widget\" data-e-type=\"widget\" data-widget_type=\"image.default\">\n\t\t\t\t<div class=\"elementor-widget-container\">\n\t\t\t\t\t\t\t\t\t\t\t\t\t\t\t<img decoding=\"async\" src=\"https:\/\/traductoracompulsiva.es\/wp-content\/uploads\/2024\/12\/Diseno-sin-titulo-40.png\" title=\"Dise\u00f1o sin t\u00edtulo (40)\" alt=\"Dise\u00f1o sin t\u00edtulo (40)\" class=\"elementor-animation-bounce-out\" loading=\"lazy\" \/>\t\t\t\t\t\t\t\t\t\t\t\t\t\t\t<\/div>\n\t\t\t\t<\/div>\n\t\t\t\t\t<\/div>\n\t\t<\/div>\n\t\t\t\t\t<\/div>\n\t\t<\/section>\n\t\t\t\t\t<\/div>\n\t\t<\/div>\n\t\t\t\t\t<\/div>\n\t\t<\/section>\n\t\t<div class=\"elementor-element elementor-element-efde84b e-flex e-con-boxed e-con e-parent\" data-id=\"efde84b\" data-element_type=\"container\" data-e-type=\"container\">\n\t\t\t\t\t<div class=\"e-con-inner\">\n\t\t<div class=\"elementor-element elementor-element-d6a2a16 e-con-full e-flex e-con e-child\" data-id=\"d6a2a16\" data-element_type=\"container\" data-e-type=\"container\">\n\t\t\t\t<\/div>\n\t\t<div class=\"elementor-element elementor-element-2f08182 e-con-full e-flex e-con e-child\" data-id=\"2f08182\" data-element_type=\"container\" data-e-type=\"container\">\n\t\t\t\t<\/div>\n\t\t\t\t\t<\/div>\n\t\t\t\t<\/div>\n\t\t\t\t<section class=\"elementor-section elementor-top-section elementor-element elementor-element-1c7b8d5 elementor-section-stretched elementor-section-boxed elementor-section-height-default elementor-section-height-default\" data-id=\"1c7b8d5\" data-element_type=\"section\" data-e-type=\"section\" data-settings=\"{&quot;stretch_section&quot;:&quot;section-stretched&quot;,&quot;background_background&quot;:&quot;classic&quot;}\">\n\t\t\t\t\t\t<div class=\"elementor-container elementor-column-gap-wider\">\n\t\t\t\t\t<div class=\"elementor-column elementor-col-100 elementor-top-column elementor-element elementor-element-a562b3f\" data-id=\"a562b3f\" data-element_type=\"column\" data-e-type=\"column\">\n\t\t\t<div class=\"elementor-widget-wrap elementor-element-populated\">\n\t\t\t\t\t\t<section class=\"elementor-section elementor-inner-section elementor-element elementor-element-71e2d8c elementor-section-content-middle elementor-section-boxed elementor-section-height-default elementor-section-height-default\" data-id=\"71e2d8c\" data-element_type=\"section\" data-e-type=\"section\">\n\t\t\t\t\t\t<div class=\"elementor-container elementor-column-gap-default\">\n\t\t\t\t\t<div class=\"elementor-column elementor-col-50 elementor-inner-column elementor-element elementor-element-457bad5\" data-id=\"457bad5\" data-element_type=\"column\" data-e-type=\"column\" data-settings=\"{&quot;background_background&quot;:&quot;classic&quot;}\">\n\t\t\t<div class=\"elementor-widget-wrap\">\n\t\t\t\t\t\t\t<\/div>\n\t\t<\/div>\n\t\t\t\t<div class=\"elementor-column elementor-col-50 elementor-inner-column elementor-element elementor-element-fae303c\" data-id=\"fae303c\" data-element_type=\"column\" data-e-type=\"column\">\n\t\t\t<div class=\"elementor-widget-wrap elementor-element-populated\">\n\t\t\t\t\t\t<div class=\"elementor-element elementor-element-cc2a3af elementor-widget elementor-widget-text-editor\" data-id=\"cc2a3af\" data-element_type=\"widget\" data-e-type=\"widget\" data-widget_type=\"text-editor.default\">\n\t\t\t\t<div class=\"elementor-widget-container\">\n\t\t\t\t\t\t\t\t\t<h3>Gran Canaria<\/h3><p>Je suis n\u00e9e en 1991, lors d\u2019une chaude matin\u00e9e du mois de juillet sur l'\u00eele de Gran Canaria, o\u00f9 j'ai grandi et o\u00f9 je vis actuellement. L'influence du tourisme dans les \u00eeles Canaries a entra\u00een\u00e9, d\u00e8s mon enfance, un grand int\u00e9r\u00eat pour les langues et les cultures qui convergeaient autour de moi. Les mots ont toujours \u00e9t\u00e9 un refuge dans lequel je trouvais un r\u00e9confort, un encouragement, une inspiration et une source de passion.<\/p><p><span style=\"font-weight: 400;\">J'ai obtenu mon dipl\u00f4me de traduction et d'interpr\u00e9tation \u00e0 l'Universit\u00e9 de Las Palmas de Gran Canaria (ULPGC) en 2014. Durant mes \u00e9tudes sup\u00e9rieures, j'ai remport\u00e9 le Veritas University Challenge 2012 et obtenu une mention sp\u00e9ciale au 1er concours de traduction de nouvelles de la Facult\u00e9 de traduction et d'interpr\u00e9tation de l'ULPGC. <\/span><i><span style=\"font-weight: 400;\">Veritas University Challenge 2012<\/span><\/i><span style=\"font-weight: 400;\"> y obtuve una Menci\u00f3n especial en el I Certamen de Traducci\u00f3n de Relato Corto de la Facultad de Traducci\u00f3n e Interpretaci\u00f3n de la ULPGC.<\/span><\/p>\t\t\t\t\t\t\t\t<\/div>\n\t\t\t\t<\/div>\n\t\t\t\t<div class=\"elementor-element elementor-element-dfb17ca elementor-widget elementor-widget-text-editor\" data-id=\"dfb17ca\" data-element_type=\"widget\" data-e-type=\"widget\" data-widget_type=\"text-editor.default\">\n\t\t\t\t<div class=\"elementor-widget-container\">\n\t\t\t\t\t\t\t\t\t<h3>Europe<\/h3><p><span style=\"font-weight: 400;\">2015, marque le grand saut linguistique de ma vie : je d\u00e9m\u00e9nage \u00e0 Paris pour \u00eatre assistante de langue en banlieue parisienne, dans l\u2019Acad\u00e9mie de Cr\u00e9teil plus pr\u00e9cis\u00e9ment. Durant ces sept merveilleuses ann\u00e9es dans la capitale fran\u00e7aise, j'ai obtenu un master en relations internationales \u00e0 l'universit\u00e9 de la Sorbonne en 2017 et j'ai travaill\u00e9 comme chef de projet \u00e0 l'Association fran\u00e7aise de normalisation (AFNOR), ainsi que dans diverses start-ups et projets. <\/span><\/p><p><span style=\"font-weight: 400;\">Gr\u00e2ce \u00e0 mes exp\u00e9riences professionnelles, j'ai eu l\u2019opportunit\u00e9 de parcourir l'Europe (Royaume-Uni, Allemagne, Espagne, etc.) pour assister \u00e0 diverses r\u00e9unions internationales o\u00f9 j'ai servi notamment d\u2019interm\u00e9diaire entre des parties qui n'\u00e9taient pas toujours d'accord. C'est \u00e0 cette \u00e9poque que j'ai commenc\u00e9 \u00e0 d\u00e9velopper mes comp\u00e9tences en prise de parole en public, de m\u00e9diation culturelle et d'\u00e9coute active : des qualit\u00e9s indispensables pour quelqu'un qui travaille \u00e0 la compr\u00e9hension d'autrui.<\/span><\/p>\t\t\t\t\t\t\t\t<\/div>\n\t\t\t\t<\/div>\n\t\t\t\t\t<\/div>\n\t\t<\/div>\n\t\t\t\t\t<\/div>\n\t\t<\/section>\n\t\t\t\t\t<\/div>\n\t\t<\/div>\n\t\t\t\t\t<\/div>\n\t\t<\/section>\n\t\t<div class=\"elementor-element elementor-element-a234e37 e-flex e-con-boxed e-con e-parent\" data-id=\"a234e37\" data-element_type=\"container\" data-e-type=\"container\">\n\t\t\t\t\t<div class=\"e-con-inner\">\n\t\t<div class=\"elementor-element elementor-element-fd4f9e0 e-con-full e-flex e-con e-child\" data-id=\"fd4f9e0\" data-element_type=\"container\" data-e-type=\"container\">\n\t\t\t\t<div class=\"elementor-element elementor-element-33cc2f0 elementor-widget elementor-widget-text-editor\" data-id=\"33cc2f0\" data-element_type=\"widget\" data-e-type=\"widget\" data-widget_type=\"text-editor.default\">\n\t\t\t\t<div class=\"elementor-widget-container\">\n\t\t\t\t\t\t\t\t\t<h3>Ma propre entreprise<\/h3><p><span style=\"font-weight: 400;\">D\u00e9sireuse de revenir au plus pr\u00e8s des mots, ma premi\u00e8re passion, et apr\u00e8s quelques ann\u00e9es de r\u00e9flexion, j'ai d\u00e9cid\u00e9 de m'installer \u00e0 mon compte en tant que traductrice professionnelle en 2019. Depuis, je me suis sp\u00e9cialis\u00e9e dans diff\u00e9rents secteurs d'activit\u00e9 : environnement, relations internationales, marketing, communication d'entreprise et migration.<\/span><\/p><p><span style=\"font-weight: 400;\">Actuellement, je suis membre de l'Association espagnole des traducteurs, interpr\u00e8tes et correcteurs (Asetrad) et charg\u00e9e de cours \u00e0 la Facult\u00e9 de traduction et d'interpr\u00e9tation de l'Universit\u00e9 de Las Palmas de Gran Canaria (ULPGC), o\u00f9 j'enseigne la traduction et l'interpr\u00e9tation.<\/span><\/p>\t\t\t\t\t\t\t\t<\/div>\n\t\t\t\t<\/div>\n\t\t\t\t<\/div>\n\t\t<div class=\"elementor-element elementor-element-cfaa892 e-con-full e-flex e-con e-child\" data-id=\"cfaa892\" data-element_type=\"container\" data-e-type=\"container\" data-settings=\"{&quot;background_background&quot;:&quot;classic&quot;}\">\n\t\t\t\t<\/div>\n\t\t\t\t\t<\/div>\n\t\t\t\t<\/div>\n\t\t<div class=\"elementor-element elementor-element-5cb86cf e-flex e-con-boxed e-con e-parent\" data-id=\"5cb86cf\" data-element_type=\"container\" data-e-type=\"container\">\n\t\t\t\t\t<div class=\"e-con-inner\">\n\t\t\t\t<div class=\"elementor-element elementor-element-965165f elementor-widget elementor-widget-spacer\" data-id=\"965165f\" data-element_type=\"widget\" data-e-type=\"widget\" data-widget_type=\"spacer.default\">\n\t\t\t\t<div class=\"elementor-widget-container\">\n\t\t\t\t\t\t\t<div class=\"elementor-spacer\">\n\t\t\t<div class=\"elementor-spacer-inner\"><\/div>\n\t\t<\/div>\n\t\t\t\t\t\t<\/div>\n\t\t\t\t<\/div>\n\t\t\t\t\t<\/div>\n\t\t\t\t<\/div>\n\t\t<div class=\"elementor-element elementor-element-7487da24 e-flex e-con-boxed e-con e-parent\" data-id=\"7487da24\" data-element_type=\"container\" data-e-type=\"container\">\n\t\t\t\t\t<div class=\"e-con-inner\">\n\t\t\t\t<div class=\"elementor-element elementor-element-2aad085a elementor-widget elementor-widget-image\" data-id=\"2aad085a\" data-element_type=\"widget\" data-e-type=\"widget\" data-widget_type=\"image.default\">\n\t\t\t\t<div class=\"elementor-widget-container\">\n\t\t\t\t\t\t\t\t\t\t\t\t\t\t\t<img fetchpriority=\"high\" decoding=\"async\" width=\"1200\" height=\"188\" src=\"https:\/\/traductoracompulsiva.es\/wp-content\/uploads\/2025\/03\/logos-kit-1200x188-1.webp\" class=\"attachment-large size-large wp-image-575\" alt=\"\" srcset=\"https:\/\/traductoracompulsiva.es\/wp-content\/uploads\/2025\/03\/logos-kit-1200x188-1.webp 1200w, https:\/\/traductoracompulsiva.es\/wp-content\/uploads\/2025\/03\/logos-kit-1200x188-1-500x78.webp 500w, https:\/\/traductoracompulsiva.es\/wp-content\/uploads\/2025\/03\/logos-kit-1200x188-1-300x47.webp 300w, https:\/\/traductoracompulsiva.es\/wp-content\/uploads\/2025\/03\/logos-kit-1200x188-1-768x120.webp 768w, https:\/\/traductoracompulsiva.es\/wp-content\/uploads\/2025\/03\/logos-kit-1200x188-1-18x3.webp 18w, https:\/\/traductoracompulsiva.es\/wp-content\/uploads\/2025\/03\/logos-kit-1200x188-1-150x24.webp 150w, https:\/\/traductoracompulsiva.es\/wp-content\/uploads\/2025\/03\/logos-kit-1200x188-1-480x75.webp 480w\" sizes=\"(max-width:767px) 480px, (max-width:1200px) 100vw, 1200px\" \/>\t\t\t\t\t\t\t\t\t\t\t\t\t\t\t<\/div>\n\t\t\t\t<\/div>\n\t\t\t\t\t<\/div>\n\t\t\t\t<\/div>\n\t\t\t\t<\/div>","protected":false},"excerpt":{"rendered":"<p>Me presento \u00a1HI! Soy Paula y soy traductora de ingl\u00e9s y franc\u00e9s desde 2019 Gran Canaria Nac\u00ed en 1991, en la ma\u00f1ana de un domingo caluroso<span class=\"excerpt-hellip\"> [\u2026]<\/span><\/p>\n","protected":false},"author":1,"featured_media":0,"parent":0,"menu_order":0,"comment_status":"closed","ping_status":"closed","template":"","meta":{"footnotes":""},"class_list":["post-566","page","type-page","status-publish","hentry"],"yoast_head":"<!-- This site is optimized with the Yoast SEO plugin v26.8 - https:\/\/yoast.com\/product\/yoast-seo-wordpress\/ -->\n<title>FR-Qui\u00e9n soy - TRADUCTORA COMPULSIVA<\/title>\n<meta name=\"description\" content=\"Traductora Compulsiva: Servicios de traducci\u00f3n profesional de ingl\u00e9s y franc\u00e9s a espa\u00f1ol. Especialista en correcci\u00f3n de textos, transcreaci\u00f3n, y transcripci\u00f3n. Convierte tus palabras en mensajes claros y efectivos.\" \/>\n<meta name=\"robots\" content=\"index, follow, max-snippet:-1, max-image-preview:large, max-video-preview:-1\" \/>\n<link rel=\"canonical\" href=\"https:\/\/traductoracompulsiva.es\/fr\/fr-quien-soy\/\" \/>\n<meta property=\"og:locale\" content=\"fr_FR\" \/>\n<meta property=\"og:type\" content=\"article\" \/>\n<meta property=\"og:title\" content=\"FR-Qui\u00e9n soy - TRADUCTORA COMPULSIVA\" \/>\n<meta property=\"og:description\" content=\"Traductora Compulsiva: Servicios de traducci\u00f3n profesional de ingl\u00e9s y franc\u00e9s a espa\u00f1ol. Especialista en correcci\u00f3n de textos, transcreaci\u00f3n, y transcripci\u00f3n. Convierte tus palabras en mensajes claros y efectivos.\" \/>\n<meta property=\"og:url\" content=\"https:\/\/traductoracompulsiva.es\/fr\/fr-quien-soy\/\" \/>\n<meta property=\"og:site_name\" content=\"TRADUCTORA COMPULSIVA\" \/>\n<meta property=\"article:modified_time\" content=\"2025-12-24T16:03:47+00:00\" \/>\n<meta property=\"og:image\" content=\"https:\/\/traductoracompulsiva.es\/wp-content\/uploads\/2024\/12\/Diseno-sin-titulo-40.png\" \/>\n<meta name=\"twitter:card\" content=\"summary_large_image\" \/>\n<meta name=\"twitter:label1\" content=\"Dur\u00e9e de lecture estim\u00e9e\" \/>\n\t<meta name=\"twitter:data1\" content=\"2 minutes\" \/>\n<script type=\"application\/ld+json\" class=\"yoast-schema-graph\">{\"@context\":\"https:\/\/schema.org\",\"@graph\":[{\"@type\":\"WebPage\",\"@id\":\"https:\/\/traductoracompulsiva.es\/fr-quien-soy\/\",\"url\":\"https:\/\/traductoracompulsiva.es\/fr-quien-soy\/\",\"name\":\"FR-Qui\u00e9n soy - TRADUCTORA COMPULSIVA\",\"isPartOf\":{\"@id\":\"https:\/\/traductoracompulsiva.es\/#website\"},\"primaryImageOfPage\":{\"@id\":\"https:\/\/traductoracompulsiva.es\/fr-quien-soy\/#primaryimage\"},\"image\":{\"@id\":\"https:\/\/traductoracompulsiva.es\/fr-quien-soy\/#primaryimage\"},\"thumbnailUrl\":\"https:\/\/traductoracompulsiva.es\/wp-content\/uploads\/2024\/12\/Diseno-sin-titulo-40.png\",\"datePublished\":\"2025-02-10T16:07:37+00:00\",\"dateModified\":\"2025-12-24T16:03:47+00:00\",\"description\":\"Traductora Compulsiva: Servicios de traducci\u00f3n profesional de ingl\u00e9s y franc\u00e9s a espa\u00f1ol. Especialista en correcci\u00f3n de textos, transcreaci\u00f3n, y transcripci\u00f3n. Convierte tus palabras en mensajes claros y efectivos.\",\"breadcrumb\":{\"@id\":\"https:\/\/traductoracompulsiva.es\/fr-quien-soy\/#breadcrumb\"},\"inLanguage\":\"fr-FR\",\"potentialAction\":[{\"@type\":\"ReadAction\",\"target\":[\"https:\/\/traductoracompulsiva.es\/fr-quien-soy\/\"]}]},{\"@type\":\"ImageObject\",\"inLanguage\":\"fr-FR\",\"@id\":\"https:\/\/traductoracompulsiva.es\/fr-quien-soy\/#primaryimage\",\"url\":\"https:\/\/traductoracompulsiva.es\/wp-content\/uploads\/2024\/12\/Diseno-sin-titulo-40.png\",\"contentUrl\":\"https:\/\/traductoracompulsiva.es\/wp-content\/uploads\/2024\/12\/Diseno-sin-titulo-40.png\"},{\"@type\":\"BreadcrumbList\",\"@id\":\"https:\/\/traductoracompulsiva.es\/fr-quien-soy\/#breadcrumb\",\"itemListElement\":[{\"@type\":\"ListItem\",\"position\":1,\"name\":\"Portada\",\"item\":\"https:\/\/traductoracompulsiva.es\/\"},{\"@type\":\"ListItem\",\"position\":2,\"name\":\"FR-Qui\u00e9n soy\"}]},{\"@type\":\"WebSite\",\"@id\":\"https:\/\/traductoracompulsiva.es\/#website\",\"url\":\"https:\/\/traductoracompulsiva.es\/\",\"name\":\"TRADUCTORA COMPULSIVA\",\"description\":\"Proyectos ling\u00fc\u00edstico hablados con amor\",\"publisher\":{\"@id\":\"https:\/\/traductoracompulsiva.es\/#organization\"},\"potentialAction\":[{\"@type\":\"SearchAction\",\"target\":{\"@type\":\"EntryPoint\",\"urlTemplate\":\"https:\/\/traductoracompulsiva.es\/?s={search_term_string}\"},\"query-input\":{\"@type\":\"PropertyValueSpecification\",\"valueRequired\":true,\"valueName\":\"search_term_string\"}}],\"inLanguage\":\"fr-FR\"},{\"@type\":\"Organization\",\"@id\":\"https:\/\/traductoracompulsiva.es\/#organization\",\"name\":\"TRADUCTORA COMPULSIVA\",\"url\":\"https:\/\/traductoracompulsiva.es\/\",\"logo\":{\"@type\":\"ImageObject\",\"inLanguage\":\"fr-FR\",\"@id\":\"https:\/\/traductoracompulsiva.es\/#\/schema\/logo\/image\/\",\"url\":\"https:\/\/traductoracompulsiva.es\/wp-content\/uploads\/2024\/11\/Logo-LTC_Verde-simple_Recortado.png\",\"contentUrl\":\"https:\/\/traductoracompulsiva.es\/wp-content\/uploads\/2024\/11\/Logo-LTC_Verde-simple_Recortado.png\",\"width\":428,\"height\":428,\"caption\":\"TRADUCTORA COMPULSIVA\"},\"image\":{\"@id\":\"https:\/\/traductoracompulsiva.es\/#\/schema\/logo\/image\/\"}}]}<\/script>\n<!-- \/ Yoast SEO plugin. -->","yoast_head_json":{"title":"FR-Qui\u00e9n soy - TRADUCTORA COMPULSIVA","description":"Traductora Compulsiva: Servicios de traducci\u00f3n profesional de ingl\u00e9s y franc\u00e9s a espa\u00f1ol. Especialista en correcci\u00f3n de textos, transcreaci\u00f3n, y transcripci\u00f3n. Convierte tus palabras en mensajes claros y efectivos.","robots":{"index":"index","follow":"follow","max-snippet":"max-snippet:-1","max-image-preview":"max-image-preview:large","max-video-preview":"max-video-preview:-1"},"canonical":"https:\/\/traductoracompulsiva.es\/fr\/fr-quien-soy\/","og_locale":"fr_FR","og_type":"article","og_title":"FR-Qui\u00e9n soy - TRADUCTORA COMPULSIVA","og_description":"Traductora Compulsiva: Servicios de traducci\u00f3n profesional de ingl\u00e9s y franc\u00e9s a espa\u00f1ol. Especialista en correcci\u00f3n de textos, transcreaci\u00f3n, y transcripci\u00f3n. Convierte tus palabras en mensajes claros y efectivos.","og_url":"https:\/\/traductoracompulsiva.es\/fr\/fr-quien-soy\/","og_site_name":"TRADUCTORA COMPULSIVA","article_modified_time":"2025-12-24T16:03:47+00:00","og_image":[{"url":"https:\/\/traductoracompulsiva.es\/wp-content\/uploads\/2024\/12\/Diseno-sin-titulo-40.png","type":"","width":"","height":""}],"twitter_card":"summary_large_image","twitter_misc":{"Dur\u00e9e de lecture estim\u00e9e":"2 minutes"},"schema":{"@context":"https:\/\/schema.org","@graph":[{"@type":"WebPage","@id":"https:\/\/traductoracompulsiva.es\/fr-quien-soy\/","url":"https:\/\/traductoracompulsiva.es\/fr-quien-soy\/","name":"FR-Qui\u00e9n soy - TRADUCTORA COMPULSIVA","isPartOf":{"@id":"https:\/\/traductoracompulsiva.es\/#website"},"primaryImageOfPage":{"@id":"https:\/\/traductoracompulsiva.es\/fr-quien-soy\/#primaryimage"},"image":{"@id":"https:\/\/traductoracompulsiva.es\/fr-quien-soy\/#primaryimage"},"thumbnailUrl":"https:\/\/traductoracompulsiva.es\/wp-content\/uploads\/2024\/12\/Diseno-sin-titulo-40.png","datePublished":"2025-02-10T16:07:37+00:00","dateModified":"2025-12-24T16:03:47+00:00","description":"Traductora Compulsiva: Servicios de traducci\u00f3n profesional de ingl\u00e9s y franc\u00e9s a espa\u00f1ol. Especialista en correcci\u00f3n de textos, transcreaci\u00f3n, y transcripci\u00f3n. Convierte tus palabras en mensajes claros y efectivos.","breadcrumb":{"@id":"https:\/\/traductoracompulsiva.es\/fr-quien-soy\/#breadcrumb"},"inLanguage":"fr-FR","potentialAction":[{"@type":"ReadAction","target":["https:\/\/traductoracompulsiva.es\/fr-quien-soy\/"]}]},{"@type":"ImageObject","inLanguage":"fr-FR","@id":"https:\/\/traductoracompulsiva.es\/fr-quien-soy\/#primaryimage","url":"https:\/\/traductoracompulsiva.es\/wp-content\/uploads\/2024\/12\/Diseno-sin-titulo-40.png","contentUrl":"https:\/\/traductoracompulsiva.es\/wp-content\/uploads\/2024\/12\/Diseno-sin-titulo-40.png"},{"@type":"BreadcrumbList","@id":"https:\/\/traductoracompulsiva.es\/fr-quien-soy\/#breadcrumb","itemListElement":[{"@type":"ListItem","position":1,"name":"Portada","item":"https:\/\/traductoracompulsiva.es\/"},{"@type":"ListItem","position":2,"name":"FR-Qui\u00e9n soy"}]},{"@type":"WebSite","@id":"https:\/\/traductoracompulsiva.es\/#website","url":"https:\/\/traductoracompulsiva.es\/","name":"TRADUCTORA COMPULSIVA","description":"Proyectos ling\u00fc\u00edstico hablados con amor","publisher":{"@id":"https:\/\/traductoracompulsiva.es\/#organization"},"potentialAction":[{"@type":"SearchAction","target":{"@type":"EntryPoint","urlTemplate":"https:\/\/traductoracompulsiva.es\/?s={search_term_string}"},"query-input":{"@type":"PropertyValueSpecification","valueRequired":true,"valueName":"search_term_string"}}],"inLanguage":"fr-FR"},{"@type":"Organization","@id":"https:\/\/traductoracompulsiva.es\/#organization","name":"TRADUCTORA COMPULSIVA","url":"https:\/\/traductoracompulsiva.es\/","logo":{"@type":"ImageObject","inLanguage":"fr-FR","@id":"https:\/\/traductoracompulsiva.es\/#\/schema\/logo\/image\/","url":"https:\/\/traductoracompulsiva.es\/wp-content\/uploads\/2024\/11\/Logo-LTC_Verde-simple_Recortado.png","contentUrl":"https:\/\/traductoracompulsiva.es\/wp-content\/uploads\/2024\/11\/Logo-LTC_Verde-simple_Recortado.png","width":428,"height":428,"caption":"TRADUCTORA COMPULSIVA"},"image":{"@id":"https:\/\/traductoracompulsiva.es\/#\/schema\/logo\/image\/"}}]}},"_links":{"self":[{"href":"https:\/\/traductoracompulsiva.es\/fr\/wp-json\/wp\/v2\/pages\/566","targetHints":{"allow":["GET"]}}],"collection":[{"href":"https:\/\/traductoracompulsiva.es\/fr\/wp-json\/wp\/v2\/pages"}],"about":[{"href":"https:\/\/traductoracompulsiva.es\/fr\/wp-json\/wp\/v2\/types\/page"}],"author":[{"embeddable":true,"href":"https:\/\/traductoracompulsiva.es\/fr\/wp-json\/wp\/v2\/users\/1"}],"replies":[{"embeddable":true,"href":"https:\/\/traductoracompulsiva.es\/fr\/wp-json\/wp\/v2\/comments?post=566"}],"version-history":[{"count":8,"href":"https:\/\/traductoracompulsiva.es\/fr\/wp-json\/wp\/v2\/pages\/566\/revisions"}],"predecessor-version":[{"id":869,"href":"https:\/\/traductoracompulsiva.es\/fr\/wp-json\/wp\/v2\/pages\/566\/revisions\/869"}],"wp:attachment":[{"href":"https:\/\/traductoracompulsiva.es\/fr\/wp-json\/wp\/v2\/media?parent=566"}],"curies":[{"name":"wp","href":"https:\/\/api.w.org\/{rel}","templated":true}]}}